{"id":744,"date":"2015-11-14T22:57:48","date_gmt":"2015-11-14T21:57:48","guid":{"rendered":"https:\/\/www.heenalu.fr\/de\/inscription\/"},"modified":"2025-03-06T13:25:54","modified_gmt":"2025-03-06T12:25:54","slug":"reservierung","status":"publish","type":"page","link":"https:\/\/www.heenalu.fr\/de\/reservierung\/","title":{"rendered":"Reservierung"},"content":{"rendered":"<p>[vc_row][vc_column][vc_column_text]<\/p>\n<h1>Anmeldung<\/h1>\n<p>[\/vc_column_text][\/vc_column][\/vc_row][vc_row row_type=&#8220;row_fullwidth_content&#8220; bg_image=&#8220;1437&#8243; bg_position=&#8220;center center&#8220; class=&#8220;banner&#8220;][vc_column][vc_column_text][\/vc_column_text][\/vc_column][\/vc_row][vc_row][vc_column][vc_column_text]He&#8217;enalu die Surfschule ist von M\u00e4rz bis November ge\u00f6ffnet. Z\u00f6gern Sie nicht, mit Olivier Kontakt aufzunehmen, um Ihre Bed\u00fcrfnisse zu ermitteln.[\/vc_column_text][\/vc_column][\/vc_row][vc_row][vc_column][vc_column_text]<\/p>\n<p class=\"paragraph_style_3\"><span class=\"style_3\">Anmeldeformular ausdrucken, ausf\u00fcllen und zusammen mit der Anzahlung per Post an die untenstehende Adresse schicken:<br \/>\n<\/span><\/p>\n<p class=\"paragraph_style_3\"><strong><span class=\"style_3\">He\u2019enalu l\u2019\u00e9cole du surf \u2013 3 Rue du P\u00e9rigord \u2013 29000 Quimper.<\/span><\/strong><\/p>\n<p>[\/vc_column_text][vc_button title=&#8220;Anmeldeformular&#8220; target=&#8220;new_window&#8220; color=&#8220;custom&#8220; button_custom_color=&#8220;#1db9bf&#8220; size=&#8220;large&#8220; position=&#8220;center&#8220; href=&#8220;http:\/\/www.heenalu.fr\/wp-content\/uploads\/Bulletin-dinscription.pdf&#8220;][\/vc_column][\/vc_row][vc_row][vc_column][vc_column_text]ANMELDEBEDINGUNGEN<\/p>\n<ul>\n<li><a href=\"http:\/\/www.heenalu.fr\/wp-content\/uploads\/Bulletin-dinscription.pdf\" target=\"_blank\" rel=\"noopener\">Vollst\u00e4ndig ausgef\u00fclltes Anmeldeformular.<\/a><\/li>\n<li>Bei jeder Buchung muss eine Anzahlung in H\u00f6he von 30 % des Preises geleistet werden.<\/li>\n<li>Die Buchung des Praktikums wird erst nach Eingang der Anzahlung best\u00e4tigt.<\/li>\n<li>Der Restbetrag ist bei der ersten Sitzung zu entrichten.<\/li>\n<li><a href=\"https:\/\/www.heenalu.fr\/wp-content\/uploads\/General-terms-and-conditions-of-sale-and-regulations.pdf\" target=\"_blank\" rel=\"noopener\">Die Bedingungen und Vorschriften zur Kenntnis genommen haben.<\/a><\/li>\n<li><a href=\"https:\/\/www.heenalu.fr\/wp-content\/uploads\/garantie-MMApdf.pdf\" target=\"_blank\" rel=\"noopener\">MMA-Bescheinigung mit Garantien und Betr\u00e4gen<\/a><\/li>\n<\/ul>\n<p>[\/vc_column_text][\/vc_column][\/vc_row]<\/p>\n","protected":false},"excerpt":{"rendered":"<p>[vc_row][vc_column][vc_column_text] Anmeldung [\/vc_column_text][\/vc_column][\/vc_row][vc_row row_type=&#8220;row_fullwidth_content&#8220; bg_image=&#8220;1437&#8243; bg_position=&#8220;center center&#8220; class=&#8220;banner&#8220;][vc_column][vc_column_text][\/vc_column_text][\/vc_column][\/vc_row][vc_row][vc_column][vc_column_text]He&#8217;enalu die Surfschule ist von M\u00e4rz bis November ge\u00f6ffnet. Z\u00f6gern Sie nicht, mit Olivier Kontakt aufzunehmen, um Ihre Bed\u00fcrfnisse zu ermitteln.[\/vc_column_text][\/vc_column][\/vc_row][vc_row][vc_column][vc_column_text] Anmeldeformular ausdrucken, ausf\u00fcllen und zusammen mit der Anzahlung per Post an die untenstehende Adresse schicken: He\u2019enalu l\u2019\u00e9cole du surf \u2013 3 Rue du P\u00e9rigord \u2013 29000 Quimper. [&hellip;]<\/p>\n","protected":false},"author":1,"featured_media":0,"parent":0,"menu_order":0,"comment_status":"closed","ping_status":"closed","template":"","meta":{"_acf_changed":false,"footnotes":""},"class_list":["post-744","page","type-page","status-publish","hentry"],"acf":[],"yoast_head":"<!-- This site is optimized with the Yoast SEO Premium plugin v20.8 (Yoast SEO v24.6) - https:\/\/yoast.com\/wordpress\/plugins\/seo\/ -->\n<title>Inscription \u00e0 l&#039;\u00e9cole du surf de Tr\u00e9guennec pr\u00e8s de la torche dans le Finist\u00e8re<\/title>\n<meta name=\"description\" content=\"Inscrivez vous \u00e0 l&#039;\u00e9cole de surf, bodyboard, longboard, stand up paddle, surf tandem sous forme de stages et formules. L&#039;esprit surf en baie d&#039;audierne sur le site class\u00e9 de treguennec pr\u00e8s de La Torche.\" \/>\n<meta name=\"robots\" content=\"index, follow, max-snippet:-1, max-image-preview:large, max-video-preview:-1\" \/>\n<link rel=\"canonical\" href=\"https:\/\/www.heenalu.fr\/de\/reservierung\/\" \/>\n<meta property=\"og:locale\" content=\"de_DE\" \/>\n<meta property=\"og:type\" content=\"article\" \/>\n<meta property=\"og:title\" content=\"Reservierung\" \/>\n<meta property=\"og:description\" content=\"Inscrivez vous \u00e0 l&#039;\u00e9cole de surf, bodyboard, longboard, stand up paddle, surf tandem sous forme de stages et formules. L&#039;esprit surf en baie d&#039;audierne sur le site class\u00e9 de treguennec pr\u00e8s de La Torche.\" \/>\n<meta property=\"og:url\" content=\"https:\/\/www.heenalu.fr\/de\/reservierung\/\" \/>\n<meta property=\"og:site_name\" content=\"He&#039;enalu\" \/>\n<meta property=\"article:publisher\" content=\"https:\/\/www.facebook.com\/ecoledesurf.heenalu\/\" \/>\n<meta property=\"article:modified_time\" content=\"2025-03-06T12:25:54+00:00\" \/>\n<meta name=\"twitter:card\" content=\"summary_large_image\" \/>\n<meta name=\"twitter:label1\" content=\"Gesch\u00e4tzte Lesezeit\" \/>\n\t<meta name=\"twitter:data1\" content=\"1\u00a0Minute\" \/>\n<script type=\"application\/ld+json\" class=\"yoast-schema-graph\">{\"@context\":\"https:\/\/schema.org\",\"@graph\":[{\"@type\":\"WebPage\",\"@id\":\"https:\/\/www.heenalu.fr\/de\/reservierung\/\",\"url\":\"https:\/\/www.heenalu.fr\/de\/reservierung\/\",\"name\":\"Inscription \u00e0 l'\u00e9cole du surf de Tr\u00e9guennec pr\u00e8s de la torche dans le Finist\u00e8re\",\"isPartOf\":{\"@id\":\"https:\/\/www.heenalu.fr\/#website\"},\"datePublished\":\"2015-11-14T21:57:48+00:00\",\"dateModified\":\"2025-03-06T12:25:54+00:00\",\"description\":\"Inscrivez vous \u00e0 l'\u00e9cole de surf, bodyboard, longboard, stand up paddle, surf tandem sous forme de stages et formules. L'esprit surf en baie d'audierne sur le site class\u00e9 de treguennec pr\u00e8s de La Torche.\",\"breadcrumb\":{\"@id\":\"https:\/\/www.heenalu.fr\/de\/reservierung\/#breadcrumb\"},\"inLanguage\":\"de\",\"potentialAction\":[{\"@type\":\"ReadAction\",\"target\":[\"https:\/\/www.heenalu.fr\/de\/reservierung\/\"]}]},{\"@type\":\"BreadcrumbList\",\"@id\":\"https:\/\/www.heenalu.fr\/de\/reservierung\/#breadcrumb\",\"itemListElement\":[{\"@type\":\"ListItem\",\"position\":1,\"name\":\"Home\",\"item\":\"https:\/\/www.heenalu.fr\/de\/\"},{\"@type\":\"ListItem\",\"position\":2,\"name\":\"Reservierung\"}]},{\"@type\":\"WebSite\",\"@id\":\"https:\/\/www.heenalu.fr\/#website\",\"url\":\"https:\/\/www.heenalu.fr\/\",\"name\":\"He&#039;enalu\",\"description\":\"\",\"potentialAction\":[{\"@type\":\"SearchAction\",\"target\":{\"@type\":\"EntryPoint\",\"urlTemplate\":\"https:\/\/www.heenalu.fr\/?s={search_term_string}\"},\"query-input\":{\"@type\":\"PropertyValueSpecification\",\"valueRequired\":true,\"valueName\":\"search_term_string\"}}],\"inLanguage\":\"de\"}]}<\/script>\n<!-- \/ Yoast SEO Premium plugin. -->","yoast_head_json":{"title":"Inscription \u00e0 l'\u00e9cole du surf de Tr\u00e9guennec pr\u00e8s de la torche dans le Finist\u00e8re","description":"Inscrivez vous \u00e0 l'\u00e9cole de surf, bodyboard, longboard, stand up paddle, surf tandem sous forme de stages et formules. L'esprit surf en baie d'audierne sur le site class\u00e9 de treguennec pr\u00e8s de La Torche.","robots":{"index":"index","follow":"follow","max-snippet":"max-snippet:-1","max-image-preview":"max-image-preview:large","max-video-preview":"max-video-preview:-1"},"canonical":"https:\/\/www.heenalu.fr\/de\/reservierung\/","og_locale":"de_DE","og_type":"article","og_title":"Reservierung","og_description":"Inscrivez vous \u00e0 l'\u00e9cole de surf, bodyboard, longboard, stand up paddle, surf tandem sous forme de stages et formules. L'esprit surf en baie d'audierne sur le site class\u00e9 de treguennec pr\u00e8s de La Torche.","og_url":"https:\/\/www.heenalu.fr\/de\/reservierung\/","og_site_name":"He&#039;enalu","article_publisher":"https:\/\/www.facebook.com\/ecoledesurf.heenalu\/","article_modified_time":"2025-03-06T12:25:54+00:00","twitter_card":"summary_large_image","twitter_misc":{"Gesch\u00e4tzte Lesezeit":"1\u00a0Minute"},"schema":{"@context":"https:\/\/schema.org","@graph":[{"@type":"WebPage","@id":"https:\/\/www.heenalu.fr\/de\/reservierung\/","url":"https:\/\/www.heenalu.fr\/de\/reservierung\/","name":"Inscription \u00e0 l'\u00e9cole du surf de Tr\u00e9guennec pr\u00e8s de la torche dans le Finist\u00e8re","isPartOf":{"@id":"https:\/\/www.heenalu.fr\/#website"},"datePublished":"2015-11-14T21:57:48+00:00","dateModified":"2025-03-06T12:25:54+00:00","description":"Inscrivez vous \u00e0 l'\u00e9cole de surf, bodyboard, longboard, stand up paddle, surf tandem sous forme de stages et formules. L'esprit surf en baie d'audierne sur le site class\u00e9 de treguennec pr\u00e8s de La Torche.","breadcrumb":{"@id":"https:\/\/www.heenalu.fr\/de\/reservierung\/#breadcrumb"},"inLanguage":"de","potentialAction":[{"@type":"ReadAction","target":["https:\/\/www.heenalu.fr\/de\/reservierung\/"]}]},{"@type":"BreadcrumbList","@id":"https:\/\/www.heenalu.fr\/de\/reservierung\/#breadcrumb","itemListElement":[{"@type":"ListItem","position":1,"name":"Home","item":"https:\/\/www.heenalu.fr\/de\/"},{"@type":"ListItem","position":2,"name":"Reservierung"}]},{"@type":"WebSite","@id":"https:\/\/www.heenalu.fr\/#website","url":"https:\/\/www.heenalu.fr\/","name":"He&#039;enalu","description":"","potentialAction":[{"@type":"SearchAction","target":{"@type":"EntryPoint","urlTemplate":"https:\/\/www.heenalu.fr\/?s={search_term_string}"},"query-input":{"@type":"PropertyValueSpecification","valueRequired":true,"valueName":"search_term_string"}}],"inLanguage":"de"}]}},"_links":{"self":[{"href":"https:\/\/www.heenalu.fr\/de\/wp-json\/wp\/v2\/pages\/744","targetHints":{"allow":["GET"]}}],"collection":[{"href":"https:\/\/www.heenalu.fr\/de\/wp-json\/wp\/v2\/pages"}],"about":[{"href":"https:\/\/www.heenalu.fr\/de\/wp-json\/wp\/v2\/types\/page"}],"author":[{"embeddable":true,"href":"https:\/\/www.heenalu.fr\/de\/wp-json\/wp\/v2\/users\/1"}],"replies":[{"embeddable":true,"href":"https:\/\/www.heenalu.fr\/de\/wp-json\/wp\/v2\/comments?post=744"}],"version-history":[{"count":10,"href":"https:\/\/www.heenalu.fr\/de\/wp-json\/wp\/v2\/pages\/744\/revisions"}],"predecessor-version":[{"id":1839,"href":"https:\/\/www.heenalu.fr\/de\/wp-json\/wp\/v2\/pages\/744\/revisions\/1839"}],"wp:attachment":[{"href":"https:\/\/www.heenalu.fr\/de\/wp-json\/wp\/v2\/media?parent=744"}],"curies":[{"name":"wp","href":"https:\/\/api.w.org\/{rel}","templated":true}]}}