{"id":755,"date":"2015-11-14T22:57:27","date_gmt":"2015-11-14T21:57:27","guid":{"rendered":"https:\/\/www.heenalu.fr\/de\/?page_id=755"},"modified":"2025-03-06T13:55:33","modified_gmt":"2025-03-06T12:55:33","slug":"ort","status":"publish","type":"page","link":"https:\/\/www.heenalu.fr\/de\/ort\/","title":{"rendered":"Ort"},"content":{"rendered":"<p>[vc_row row_type=&#8220;row_fullwidth_content&#8220; bg_image=&#8220;1637&#8243; bg_position=&#8220;center center&#8220; class=&#8220;banner&#8220;][vc_column][\/vc_column][\/vc_row][vc_row][vc_column][vc_column_text]<\/p>\n<h2>DIE BUCHT VON AUDIERNE<\/h2>\n<p>An der Spitze der Bretagne, im s\u00fcdlichen Finist\u00e8re, empf\u00e4ngt Sie He&#8217;enalu in einer au\u00dfergew\u00f6hnlichen, unber\u00fchrten Umgebung: Die Bucht von Audierne. Zwischen der Pointe de la Torche und dem Hafen von Penhors k\u00f6nnen Sie an einem langen, herrlichen Strand mit feinem Sand surfen, der von einer D\u00fcne begrenzt wird.<\/p>\n<p>Die Bucht von Audierne ist f\u00fcr ihre konstanten Wellen bekannt. Sie bietet eine Vielzahl von Surfspots, ein ideales Panorama zum Lernen und Fortschreiten. Diese Ziele sind ein Muss f\u00fcr Anf\u00e4nger und erfahrene Surfer, und hier kann man das ganze Jahr \u00fcber surfen![\/vc_column_text][\/vc_column][\/vc_row][vc_row row_type=&#8220;row_fullwidth_content&#8220; bg_image=&#8220;1746&#8243; bg_position=&#8220;center center&#8220; class=&#8220;banner&#8220;][vc_column][\/vc_column][\/vc_row][vc_row][vc_column][vc_column_text]<\/p>\n<h2>DIE SPOTS IN DER SAISON <a href=\"https:\/\/www.heenalu.fr\/wp-content\/uploads\/saison.png\"><img loading=\"lazy\" decoding=\"async\" class=\"alignnone size-full wp-image-1727\" src=\"https:\/\/www.heenalu.fr\/wp-content\/uploads\/saison.png\" alt=\"\" width=\"20\" height=\"44\" \/><\/a><\/h2>\n<p>He&#8217;enalu bietet seine Kurse seit 2008 am Strand von Kermabec in Tr\u00e9guennec an. Seit 2024 unterrichtet die Schule auch am benachbarten Spot am Strand von Kerbinigou in Tr\u00e9ogat.<\/p>\n<blockquote><p>Der Spot an der Pointe de la Torche war damals schon sehr bekannt, w\u00e4hrend der Ruf der benachbarten Str\u00e4nde erst noch aufgebaut werden musste. Diese Spots waren unber\u00fchrt und heute wird ihr Potenzial zum Erlernen des Surfens erkannt und die Orte sind beliebter.<\/p><\/blockquote>\n<p>&nbsp;<\/p>\n<p>&nbsp;<\/p>\n<p>Diese Spots sind nach Westen ausgerichtet, fangen die kleinsten Sommerwellen ein und funktionieren bei allen Gezeiten. Diese Str\u00e4nde sind ideal, um das Surfen zu lernen, und ihre geringe Besucherzahl macht sie zu sicheren und weniger stressigen Orten abseits der \u00fcberf\u00fcllten Spots von Pors Carn, La Torche, Tronoen und Penhors.<\/p>\n<p>He&#8217;enalu empf\u00e4ngt Sie in dieser gesch\u00fctzten nat\u00fcrlichen Umgebung an Orten, die als Natura 2000 eingestuft und vom Conservatoire du Littoral gesch\u00fctzt sind.<\/p>\n<p>&nbsp;<\/p>\n<h2>DIE SPOTS IN DER NEBENSAISON <a href=\"https:\/\/www.heenalu.fr\/wp-content\/uploads\/hors-saison.png\"><img loading=\"lazy\" decoding=\"async\" class=\"alignnone size-full wp-image-1720\" src=\"https:\/\/www.heenalu.fr\/wp-content\/uploads\/hors-saison.png\" alt=\"\" width=\"20\" height=\"44\" \/><\/a><\/h2>\n<p>Die Bucht von Audierne bietet eine gro\u00dfe Vielfalt an Spots, was ihren Reichtum ausmacht. Ihr Lehrer kennt sie alle nach 30 Jahren Praxis und 20 Jahren Unterricht. Je nach den Wetterbedingungen des Tages wird er Sie am besten Ort zur besten Zeit finden.<\/p>\n<p>Die Wanderschaft, die dem Surfgeist innewohnt, erm\u00f6glicht es Ihnen, die sch\u00f6nsten Wellen des Tages zu reiten!<\/p>\n<p>Ein Moment, in dem Sie Ihr Wissen \u00fcber die Surfspots der Region mit anderen teilen k\u00f6nnen und eine M\u00f6glichkeit f\u00fcr Sie, diese in aller Sicherheit zu erkunden.[\/vc_column_text][vc_single_image image=&#8220;1701&#8243; img_size=&#8220;496&#215;406&#8243; alignment=&#8220;center&#8220;][vc_gmaps link=&#8220;#E-8_JTNDaWZyYW1lJTIwc3JjJTNEJTIyaHR0cHMlM0ElMkYlMkZ3d3cuZ29vZ2xlLmNvbSUyRm1hcHMlMkZlbWJlZCUzRnBiJTNEJTIxMW0xOCUyMTFtMTIlMjExbTMlMjExZDIwNTQwLjY3MjAwNjUxMzI1OCUyMTJkLTQuMzc3MTcyNjM2MDYyNzE0JTIxM2Q0Ny44ODI1NzQ4ODYyMTA0NTYlMjEybTMlMjExZjAlMjEyZjAlMjEzZjAlMjEzbTIlMjExaTEwMjQlMjEyaTc2OCUyMTRmMTMuMSUyMTNtMyUyMTFtMiUyMTFzMHgwJTI1M0EweDAlMjEyek5EZkNzRFV5SnpVM0xqTWlUaUEwd3JBeU1TY3pOQzQ0SWxjJTIxNWUxJTIxM20yJTIxMXNmciUyMTJzdXMlMjE0djE0NDc4ODEzNjA1MjIlMjIlMjB3aWR0aCUzRCUyMjYwMCUyMiUyMGhlaWdodCUzRCUyMjQ1MCUyMiUyMGZyYW1lYm9yZGVyJTNEJTIyMCUyMiUyMHN0eWxlJTNEJTIyYm9yZGVyJTNBMCUyMiUyMGFsbG93ZnVsbHNjcmVlbiUzRSUzQyUyRmlmcmFtZSUzRQ==&#8220;][\/vc_column][\/vc_row][vc_row][vc_column][vc_media_grid grid_id=&#8220;vc_gid:1741265633611-a3005041-d2f9-9&#8243; include=&#8220;1030,1755,1752,1589,1749,977&#8243;][\/vc_column][\/vc_row]<\/p>\n","protected":false},"excerpt":{"rendered":"<p>[vc_row row_type=&#8220;row_fullwidth_content&#8220; bg_image=&#8220;1637&#8243; bg_position=&#8220;center center&#8220; class=&#8220;banner&#8220;][vc_column][\/vc_column][\/vc_row][vc_row][vc_column][vc_column_text] DIE BUCHT VON AUDIERNE An der Spitze der Bretagne, im s\u00fcdlichen Finist\u00e8re, empf\u00e4ngt Sie He&#8217;enalu in einer au\u00dfergew\u00f6hnlichen, unber\u00fchrten Umgebung: Die Bucht von Audierne. Zwischen der Pointe de la Torche und dem Hafen von Penhors k\u00f6nnen Sie an einem langen, herrlichen Strand mit feinem Sand surfen, der von einer [&hellip;]<\/p>\n","protected":false},"author":1,"featured_media":0,"parent":0,"menu_order":0,"comment_status":"closed","ping_status":"closed","template":"","meta":{"_acf_changed":false,"footnotes":""},"class_list":["post-755","page","type-page","status-publish","hentry"],"acf":[],"yoast_head":"<!-- This site is optimized with the Yoast SEO Premium plugin v20.8 (Yoast SEO v24.6) - https:\/\/yoast.com\/wordpress\/plugins\/seo\/ -->\n<title>Tr\u00e9guennec, ein Surfspot in der N\u00e4he von La Torche in der s\u00fcdlichen Bretagne - Surfschule Heenalu<\/title>\n<meta name=\"description\" content=\"Gruppen- und Privatunterricht in Surfen, Bodyboard, Longboard, Stand up Paddle in Form von Kursen und Angeboten. Der Geist des Surfens in der Bucht von Audierne auf dem Gel\u00e4nde der Klasse von Treguennec in der N\u00e4he von La Torche.\" \/>\n<meta name=\"robots\" content=\"index, follow, max-snippet:-1, max-image-preview:large, max-video-preview:-1\" \/>\n<link rel=\"canonical\" href=\"https:\/\/www.heenalu.fr\/de\/ort\/\" \/>\n<meta property=\"og:locale\" content=\"de_DE\" \/>\n<meta property=\"og:type\" content=\"article\" \/>\n<meta property=\"og:title\" content=\"Ort\" \/>\n<meta property=\"og:description\" content=\"Gruppen- und Privatunterricht in Surfen, Bodyboard, Longboard, Stand up Paddle in Form von Kursen und Angeboten. Der Geist des Surfens in der Bucht von Audierne auf dem Gel\u00e4nde der Klasse von Treguennec in der N\u00e4he von La Torche.\" \/>\n<meta property=\"og:url\" content=\"https:\/\/www.heenalu.fr\/de\/ort\/\" \/>\n<meta property=\"og:site_name\" content=\"He&#039;enalu\" \/>\n<meta property=\"article:publisher\" content=\"https:\/\/www.facebook.com\/ecoledesurf.heenalu\/\" \/>\n<meta property=\"article:modified_time\" content=\"2025-03-06T12:55:33+00:00\" \/>\n<meta property=\"og:image\" content=\"https:\/\/www.heenalu.fr\/wp-content\/uploads\/saison.png\" \/>\n\t<meta property=\"og:image:width\" content=\"20\" \/>\n\t<meta property=\"og:image:height\" content=\"44\" \/>\n\t<meta property=\"og:image:type\" content=\"image\/png\" \/>\n<meta name=\"twitter:card\" content=\"summary_large_image\" \/>\n<meta name=\"twitter:label1\" content=\"Gesch\u00e4tzte Lesezeit\" \/>\n\t<meta name=\"twitter:data1\" content=\"4\u00a0Minuten\" \/>\n<script type=\"application\/ld+json\" class=\"yoast-schema-graph\">{\"@context\":\"https:\/\/schema.org\",\"@graph\":[{\"@type\":\"WebPage\",\"@id\":\"https:\/\/www.heenalu.fr\/de\/ort\/\",\"url\":\"https:\/\/www.heenalu.fr\/de\/ort\/\",\"name\":\"Tr\u00e9guennec, ein Surfspot in der N\u00e4he von La Torche in der s\u00fcdlichen Bretagne - Surfschule Heenalu\",\"isPartOf\":{\"@id\":\"https:\/\/www.heenalu.fr\/#website\"},\"primaryImageOfPage\":{\"@id\":\"https:\/\/www.heenalu.fr\/de\/ort\/#primaryimage\"},\"image\":{\"@id\":\"https:\/\/www.heenalu.fr\/de\/ort\/#primaryimage\"},\"thumbnailUrl\":\"https:\/\/www.heenalu.fr\/wp-content\/uploads\/saison.png\",\"datePublished\":\"2015-11-14T21:57:27+00:00\",\"dateModified\":\"2025-03-06T12:55:33+00:00\",\"description\":\"Gruppen- und Privatunterricht in Surfen, Bodyboard, Longboard, Stand up Paddle in Form von Kursen und Angeboten. Der Geist des Surfens in der Bucht von Audierne auf dem Gel\u00e4nde der Klasse von Treguennec in der N\u00e4he von La Torche.\",\"breadcrumb\":{\"@id\":\"https:\/\/www.heenalu.fr\/de\/ort\/#breadcrumb\"},\"inLanguage\":\"de\",\"potentialAction\":[{\"@type\":\"ReadAction\",\"target\":[\"https:\/\/www.heenalu.fr\/de\/ort\/\"]}]},{\"@type\":\"ImageObject\",\"inLanguage\":\"de\",\"@id\":\"https:\/\/www.heenalu.fr\/de\/ort\/#primaryimage\",\"url\":\"https:\/\/www.heenalu.fr\/wp-content\/uploads\/saison.png\",\"contentUrl\":\"https:\/\/www.heenalu.fr\/wp-content\/uploads\/saison.png\"},{\"@type\":\"BreadcrumbList\",\"@id\":\"https:\/\/www.heenalu.fr\/de\/ort\/#breadcrumb\",\"itemListElement\":[{\"@type\":\"ListItem\",\"position\":1,\"name\":\"Home\",\"item\":\"https:\/\/www.heenalu.fr\/de\/\"},{\"@type\":\"ListItem\",\"position\":2,\"name\":\"Ort\"}]},{\"@type\":\"WebSite\",\"@id\":\"https:\/\/www.heenalu.fr\/#website\",\"url\":\"https:\/\/www.heenalu.fr\/\",\"name\":\"He&#039;enalu\",\"description\":\"\",\"potentialAction\":[{\"@type\":\"SearchAction\",\"target\":{\"@type\":\"EntryPoint\",\"urlTemplate\":\"https:\/\/www.heenalu.fr\/?s={search_term_string}\"},\"query-input\":{\"@type\":\"PropertyValueSpecification\",\"valueRequired\":true,\"valueName\":\"search_term_string\"}}],\"inLanguage\":\"de\"}]}<\/script>\n<!-- \/ Yoast SEO Premium plugin. -->","yoast_head_json":{"title":"Tr\u00e9guennec, ein Surfspot in der N\u00e4he von La Torche in der s\u00fcdlichen Bretagne - Surfschule Heenalu","description":"Gruppen- und Privatunterricht in Surfen, Bodyboard, Longboard, Stand up Paddle in Form von Kursen und Angeboten. Der Geist des Surfens in der Bucht von Audierne auf dem Gel\u00e4nde der Klasse von Treguennec in der N\u00e4he von La Torche.","robots":{"index":"index","follow":"follow","max-snippet":"max-snippet:-1","max-image-preview":"max-image-preview:large","max-video-preview":"max-video-preview:-1"},"canonical":"https:\/\/www.heenalu.fr\/de\/ort\/","og_locale":"de_DE","og_type":"article","og_title":"Ort","og_description":"Gruppen- und Privatunterricht in Surfen, Bodyboard, Longboard, Stand up Paddle in Form von Kursen und Angeboten. Der Geist des Surfens in der Bucht von Audierne auf dem Gel\u00e4nde der Klasse von Treguennec in der N\u00e4he von La Torche.","og_url":"https:\/\/www.heenalu.fr\/de\/ort\/","og_site_name":"He&#039;enalu","article_publisher":"https:\/\/www.facebook.com\/ecoledesurf.heenalu\/","article_modified_time":"2025-03-06T12:55:33+00:00","og_image":[{"width":20,"height":44,"url":"https:\/\/www.heenalu.fr\/wp-content\/uploads\/saison.png","type":"image\/png"}],"twitter_card":"summary_large_image","twitter_misc":{"Gesch\u00e4tzte Lesezeit":"4\u00a0Minuten"},"schema":{"@context":"https:\/\/schema.org","@graph":[{"@type":"WebPage","@id":"https:\/\/www.heenalu.fr\/de\/ort\/","url":"https:\/\/www.heenalu.fr\/de\/ort\/","name":"Tr\u00e9guennec, ein Surfspot in der N\u00e4he von La Torche in der s\u00fcdlichen Bretagne - Surfschule Heenalu","isPartOf":{"@id":"https:\/\/www.heenalu.fr\/#website"},"primaryImageOfPage":{"@id":"https:\/\/www.heenalu.fr\/de\/ort\/#primaryimage"},"image":{"@id":"https:\/\/www.heenalu.fr\/de\/ort\/#primaryimage"},"thumbnailUrl":"https:\/\/www.heenalu.fr\/wp-content\/uploads\/saison.png","datePublished":"2015-11-14T21:57:27+00:00","dateModified":"2025-03-06T12:55:33+00:00","description":"Gruppen- und Privatunterricht in Surfen, Bodyboard, Longboard, Stand up Paddle in Form von Kursen und Angeboten. Der Geist des Surfens in der Bucht von Audierne auf dem Gel\u00e4nde der Klasse von Treguennec in der N\u00e4he von La Torche.","breadcrumb":{"@id":"https:\/\/www.heenalu.fr\/de\/ort\/#breadcrumb"},"inLanguage":"de","potentialAction":[{"@type":"ReadAction","target":["https:\/\/www.heenalu.fr\/de\/ort\/"]}]},{"@type":"ImageObject","inLanguage":"de","@id":"https:\/\/www.heenalu.fr\/de\/ort\/#primaryimage","url":"https:\/\/www.heenalu.fr\/wp-content\/uploads\/saison.png","contentUrl":"https:\/\/www.heenalu.fr\/wp-content\/uploads\/saison.png"},{"@type":"BreadcrumbList","@id":"https:\/\/www.heenalu.fr\/de\/ort\/#breadcrumb","itemListElement":[{"@type":"ListItem","position":1,"name":"Home","item":"https:\/\/www.heenalu.fr\/de\/"},{"@type":"ListItem","position":2,"name":"Ort"}]},{"@type":"WebSite","@id":"https:\/\/www.heenalu.fr\/#website","url":"https:\/\/www.heenalu.fr\/","name":"He&#039;enalu","description":"","potentialAction":[{"@type":"SearchAction","target":{"@type":"EntryPoint","urlTemplate":"https:\/\/www.heenalu.fr\/?s={search_term_string}"},"query-input":{"@type":"PropertyValueSpecification","valueRequired":true,"valueName":"search_term_string"}}],"inLanguage":"de"}]}},"_links":{"self":[{"href":"https:\/\/www.heenalu.fr\/de\/wp-json\/wp\/v2\/pages\/755","targetHints":{"allow":["GET"]}}],"collection":[{"href":"https:\/\/www.heenalu.fr\/de\/wp-json\/wp\/v2\/pages"}],"about":[{"href":"https:\/\/www.heenalu.fr\/de\/wp-json\/wp\/v2\/types\/page"}],"author":[{"embeddable":true,"href":"https:\/\/www.heenalu.fr\/de\/wp-json\/wp\/v2\/users\/1"}],"replies":[{"embeddable":true,"href":"https:\/\/www.heenalu.fr\/de\/wp-json\/wp\/v2\/comments?post=755"}],"version-history":[{"count":38,"href":"https:\/\/www.heenalu.fr\/de\/wp-json\/wp\/v2\/pages\/755\/revisions"}],"predecessor-version":[{"id":1851,"href":"https:\/\/www.heenalu.fr\/de\/wp-json\/wp\/v2\/pages\/755\/revisions\/1851"}],"wp:attachment":[{"href":"https:\/\/www.heenalu.fr\/de\/wp-json\/wp\/v2\/media?parent=755"}],"curies":[{"name":"wp","href":"https:\/\/api.w.org\/{rel}","templated":true}]}}