{"id":759,"date":"2015-11-14T22:57:40","date_gmt":"2015-11-14T21:57:40","guid":{"rendered":"https:\/\/www.heenalu.fr\/de\/les-formules-et-tarifs\/"},"modified":"2025-03-06T13:40:40","modified_gmt":"2025-03-06T12:40:40","slug":"die-formeln-und-preise","status":"publish","type":"page","link":"https:\/\/www.heenalu.fr\/de\/die-formeln-und-preise\/","title":{"rendered":"Die Formeln und Preise"},"content":{"rendered":"<p>[vc_row][vc_column][vc_column_text]<\/p>\n<h1>Die Formeln und Preise<\/h1>\n<p>[\/vc_column_text][\/vc_column][\/vc_row][vc_row row_type=&#8220;row_fullwidth_content&#8220; bg_image=&#8220;1652&#8243; bg_position=&#8220;center center&#8220; class=&#8220;banner&#8220;][vc_column][vc_column_text][\/vc_column_text][\/vc_column][\/vc_row][vc_row][vc_column][vc_column_text]Entdecken, perfektionieren (technische Arbeit zur Vertiefung der Geschwindigkeit, Lesen und Ausnutzen der Welle, grundlegende Man\u00f6ver, Stil&#8230;), Zeit haben oder keine Zeit haben, allein oder zu mehreren&#8230; He&#8217;enalu, die Surfschule, bietet Ihnen alle M\u00f6glichkeiten, indem sie Ihnen flexible und an Ihre Verf\u00fcgbarkeit und Ihre W\u00fcnsche angepasste Formeln anbietet. Sie haben die Wahl![\/vc_column_text][\/vc_column][\/vc_row][vc_row][vc_column css=&#8220;.vc_custom_1447967518165{margin-right: 0px !important;margin-left: 0px !important;padding-right: 0px !important;padding-left: 0px !important;}&#8220;][vc_column_text]<\/p>\n<h2 style=\"text-align: center;\">SURF-KURSE<\/h2>\n<p>[\/vc_column_text][vc_separator color=&#8220;custom&#8220; border_width=&#8220;2&#8243; el_width=&#8220;70&#8243; accent_color=&#8220;#535353&#8243;][vc_column_text]Diese Angebote sind f\u00fcr Personen reserviert, die punktuell eine Woche lang surfen m\u00f6chten.[\/vc_column_text][vc_column_text]Ab 6 Jahren &#8211; Alle Niveaustufen &#8211; von Ostern bis Allerheiligen[\/vc_column_text][vc_icon icon_fontawesome=&#8220;fa fa-arrow-down&#8220; color=&#8220;custom&#8220; align=&#8220;center&#8220; css_animation=&#8220;top-to-bottom&#8220; custom_color=&#8220;#535353&#8243;][vc_column_text css=&#8220;.vc_custom_1740758131107{margin-bottom: 10px !important;}&#8220;]<\/p>\n<h3 style=\"text-align: center;\">KLASSISCHE FORMELN<\/h3>\n<p>[\/vc_column_text][vc_column_text css=&#8220;.vc_custom_1740758223643{margin-top: 30px !important;margin-bottom: 0px !important;}&#8220;]<\/p>\n<h3>Entdeckungsformel<\/h3>\n<p>[\/vc_column_text][vc_row_inner][vc_column_inner width=&#8220;9\/12&#8243;][vc_column_text]T\u00e4glich &#8211; 1 Unterrichtsstunde von 2 Stunden[\/vc_column_text][\/vc_column_inner][vc_column_inner width=&#8220;3\/12&#8243;][vc_column_text]<\/p>\n<p style=\"text-align: right;\"><span style=\"color: #000000;\"><strong>45\u20ac<\/strong><\/span><\/p>\n<p>[\/vc_column_text][\/vc_column_inner][\/vc_row_inner][vc_column_text css=&#8220;.vc_custom_1740758253973{margin-top: 30px !important;margin-bottom: 0px !important;}&#8220;]<\/p>\n<h3>Wochenendformel<\/h3>\n<p>[\/vc_column_text][vc_row_inner][vc_column_inner width=&#8220;9\/12&#8243;][vc_column_text]Samstag oder Sonntag &#8211; 2 Kurse \u00e0 2 Std.[\/vc_column_text][\/vc_column_inner][vc_column_inner width=&#8220;3\/12&#8243;][vc_column_text]<\/p>\n<p style=\"text-align: right;\"><span style=\"color: #000000;\"><strong>80\u20ac<\/strong><\/span><\/p>\n<p>[\/vc_column_text][\/vc_column_inner][\/vc_row_inner][vc_column_text css=&#8220;.vc_custom_1740758211537{margin-top: 30px !important;margin-bottom: 0px !important;}&#8220;]<\/p>\n<h3>Mini Stage<\/h3>\n<p>[\/vc_column_text][vc_row_inner][vc_column_inner width=&#8220;9\/12&#8243;][vc_column_text]3 Kurse von 2 Stunden[\/vc_column_text][\/vc_column_inner][vc_column_inner width=&#8220;3\/12&#8243;][vc_column_text]<\/p>\n<p style=\"text-align: right;\"><span style=\"color: #000000;\"><strong>120\u20ac<\/strong><\/span><\/p>\n<p>[\/vc_column_text][\/vc_column_inner][\/vc_row_inner][vc_column_text css=&#8220;.vc_custom_1447968089772{margin-top: 30px !important;margin-bottom: 0px !important;}&#8220;]<\/p>\n<h3>Stage\u00a0cool<\/h3>\n<p>[\/vc_column_text][vc_row_inner][vc_column_inner width=&#8220;9\/12&#8243;][vc_column_text]Montag bis Freitag &#8211; 2 Stunden Unterricht pro Tag[\/vc_column_text][\/vc_column_inner][vc_column_inner width=&#8220;3\/12&#8243;][vc_column_text]<\/p>\n<p style=\"text-align: right;\"><span style=\"color: #000000;\"><strong>175\u20ac<\/strong><\/span><\/p>\n<p>[\/vc_column_text][\/vc_column_inner][\/vc_row_inner][vc_column_text css=&#8220;.vc_custom_1447968080187{margin-bottom: 0px !important;}&#8220;]<\/p>\n<h3>Stage full<\/h3>\n<p>[\/vc_column_text][vc_row_inner][vc_column_inner width=&#8220;9\/12&#8243;][vc_column_text]Montag bis Freitag &#8211; 2&#215;2 Stunden Unterricht pro Tag[\/vc_column_text][\/vc_column_inner][vc_column_inner width=&#8220;3\/12&#8243;][vc_column_text]<\/p>\n<p style=\"text-align: right;\"><span style=\"color: #000000;\"><strong>300\u20ac<\/strong><\/span><\/p>\n<p>[\/vc_column_text][\/vc_column_inner][\/vc_row_inner][vc_column_text css=&#8220;.vc_custom_1740758273904{margin-top: 30px !important;margin-bottom: 0px !important;}&#8220;]<\/p>\n<h3>Privatunterricht<\/h3>\n<p>[\/vc_column_text][vc_column_text css=&#8220;.vc_custom_1740758291356{margin-left: 25px !important;}&#8220;]Der beste Weg, um Fortschritte zu machen! 1-st\u00fcndige Sitzung.[\/vc_column_text][vc_row_inner][vc_column_inner width=&#8220;9\/12&#8243;][vc_column_text]1 Sitzung[\/vc_column_text][\/vc_column_inner][vc_column_inner width=&#8220;3\/12&#8243;][vc_column_text]<\/p>\n<p style=\"text-align: right;\"><span style=\"color: #000000;\"><strong>90\u20ac<\/strong><\/span><\/p>\n<p>[\/vc_column_text][\/vc_column_inner][\/vc_row_inner][vc_row_inner][vc_column_inner width=&#8220;9\/12&#8243;][vc_column_text]2 Sitzungen[\/vc_column_text][\/vc_column_inner][vc_column_inner width=&#8220;3\/12&#8243;][vc_column_text]<\/p>\n<p style=\"text-align: right;\"><span style=\"color: #000000;\"><strong>160\u20ac<\/strong><\/span><\/p>\n<p>[\/vc_column_text][\/vc_column_inner][\/vc_row_inner][vc_row_inner][vc_column_inner width=&#8220;9\/12&#8243;][vc_column_text]3 Sitzungen[\/vc_column_text][\/vc_column_inner][vc_column_inner width=&#8220;3\/12&#8243;][vc_column_text]<\/p>\n<p style=\"text-align: right;\"><span style=\"color: #000000;\"><strong>220\u20ac<\/strong><\/span><\/p>\n<p>[\/vc_column_text][\/vc_column_inner][\/vc_row_inner][vc_row_inner][vc_column_inner width=&#8220;9\/12&#8243;][vc_column_text]4 Sitzungen[\/vc_column_text][\/vc_column_inner][vc_column_inner width=&#8220;3\/12&#8243;][vc_column_text]<\/p>\n<p style=\"text-align: right;\"><span style=\"color: #000000;\"><strong>280\u20ac<\/strong><\/span><\/p>\n<p>[\/vc_column_text][\/vc_column_inner][\/vc_row_inner][\/vc_column][\/vc_row][vc_row][vc_column][vc_column_text]<\/p>\n<p>[\/vc_column_text][\/vc_column][\/vc_row]<\/p>\n","protected":false},"excerpt":{"rendered":"<p>[vc_row][vc_column][vc_column_text] Die Formeln und Preise [\/vc_column_text][\/vc_column][\/vc_row][vc_row row_type=&#8220;row_fullwidth_content&#8220; bg_image=&#8220;1652&#8243; bg_position=&#8220;center center&#8220; class=&#8220;banner&#8220;][vc_column][vc_column_text][\/vc_column_text][\/vc_column][\/vc_row][vc_row][vc_column][vc_column_text]Entdecken, perfektionieren (technische Arbeit zur Vertiefung der Geschwindigkeit, Lesen und Ausnutzen der Welle, grundlegende Man\u00f6ver, Stil&#8230;), Zeit haben oder keine Zeit haben, allein oder zu mehreren&#8230; He&#8217;enalu, die Surfschule, bietet Ihnen alle M\u00f6glichkeiten, indem sie Ihnen flexible und an Ihre Verf\u00fcgbarkeit und Ihre W\u00fcnsche angepasste [&hellip;]<\/p>\n","protected":false},"author":1,"featured_media":0,"parent":0,"menu_order":0,"comment_status":"closed","ping_status":"closed","template":"","meta":{"_acf_changed":false,"footnotes":""},"class_list":["post-759","page","type-page","status-publish","hentry"],"acf":[],"yoast_head":"<!-- This site is optimized with the Yoast SEO Premium plugin v20.8 (Yoast SEO v24.6) - https:\/\/yoast.com\/wordpress\/plugins\/seo\/ -->\n<title>Die Formeln und Preise<\/title>\n<meta name=\"description\" content=\"Surfschule in der s\u00fcdlichen Bretagne: Preise f\u00fcr Kurse, Gruppen- und Einzelunterricht in Surfen, Bodyboard, Longboard, Stand up Paddle, Tandem-Surfen in Form von Kursen und Wochenendangeboten.\" \/>\n<meta name=\"robots\" content=\"index, follow, max-snippet:-1, max-image-preview:large, max-video-preview:-1\" \/>\n<link rel=\"canonical\" href=\"https:\/\/www.heenalu.fr\/de\/die-formeln-und-preise\/\" \/>\n<meta property=\"og:locale\" content=\"de_DE\" \/>\n<meta property=\"og:type\" content=\"article\" \/>\n<meta property=\"og:title\" content=\"Die Formeln und Preise\" \/>\n<meta property=\"og:description\" content=\"Surfschule in der s\u00fcdlichen Bretagne: Preise f\u00fcr Kurse, Gruppen- und Einzelunterricht in Surfen, Bodyboard, Longboard, Stand up Paddle, Tandem-Surfen in Form von Kursen und Wochenendangeboten.\" \/>\n<meta property=\"og:url\" content=\"https:\/\/www.heenalu.fr\/de\/die-formeln-und-preise\/\" \/>\n<meta property=\"og:site_name\" content=\"He&#039;enalu\" \/>\n<meta property=\"article:publisher\" content=\"https:\/\/www.facebook.com\/ecoledesurf.heenalu\/\" \/>\n<meta property=\"article:modified_time\" content=\"2025-03-06T12:40:40+00:00\" \/>\n<meta name=\"twitter:card\" content=\"summary_large_image\" \/>\n<meta name=\"twitter:label1\" content=\"Gesch\u00e4tzte Lesezeit\" \/>\n\t<meta name=\"twitter:data1\" content=\"2\u00a0Minuten\" \/>\n<script type=\"application\/ld+json\" class=\"yoast-schema-graph\">{\"@context\":\"https:\/\/schema.org\",\"@graph\":[{\"@type\":\"WebPage\",\"@id\":\"https:\/\/www.heenalu.fr\/de\/die-formeln-und-preise\/\",\"url\":\"https:\/\/www.heenalu.fr\/de\/die-formeln-und-preise\/\",\"name\":\"Die Formeln und Preise\",\"isPartOf\":{\"@id\":\"https:\/\/www.heenalu.fr\/#website\"},\"datePublished\":\"2015-11-14T21:57:40+00:00\",\"dateModified\":\"2025-03-06T12:40:40+00:00\",\"description\":\"Surfschule in der s\u00fcdlichen Bretagne: Preise f\u00fcr Kurse, Gruppen- und Einzelunterricht in Surfen, Bodyboard, Longboard, Stand up Paddle, Tandem-Surfen in Form von Kursen und Wochenendangeboten.\",\"breadcrumb\":{\"@id\":\"https:\/\/www.heenalu.fr\/de\/die-formeln-und-preise\/#breadcrumb\"},\"inLanguage\":\"de\",\"potentialAction\":[{\"@type\":\"ReadAction\",\"target\":[\"https:\/\/www.heenalu.fr\/de\/die-formeln-und-preise\/\"]}]},{\"@type\":\"BreadcrumbList\",\"@id\":\"https:\/\/www.heenalu.fr\/de\/die-formeln-und-preise\/#breadcrumb\",\"itemListElement\":[{\"@type\":\"ListItem\",\"position\":1,\"name\":\"Home\",\"item\":\"https:\/\/www.heenalu.fr\/de\/\"},{\"@type\":\"ListItem\",\"position\":2,\"name\":\"Die Formeln und Preise\"}]},{\"@type\":\"WebSite\",\"@id\":\"https:\/\/www.heenalu.fr\/#website\",\"url\":\"https:\/\/www.heenalu.fr\/\",\"name\":\"He&#039;enalu\",\"description\":\"\",\"potentialAction\":[{\"@type\":\"SearchAction\",\"target\":{\"@type\":\"EntryPoint\",\"urlTemplate\":\"https:\/\/www.heenalu.fr\/?s={search_term_string}\"},\"query-input\":{\"@type\":\"PropertyValueSpecification\",\"valueRequired\":true,\"valueName\":\"search_term_string\"}}],\"inLanguage\":\"de\"}]}<\/script>\n<!-- \/ Yoast SEO Premium plugin. -->","yoast_head_json":{"title":"Die Formeln und Preise","description":"Surfschule in der s\u00fcdlichen Bretagne: Preise f\u00fcr Kurse, Gruppen- und Einzelunterricht in Surfen, Bodyboard, Longboard, Stand up Paddle, Tandem-Surfen in Form von Kursen und Wochenendangeboten.","robots":{"index":"index","follow":"follow","max-snippet":"max-snippet:-1","max-image-preview":"max-image-preview:large","max-video-preview":"max-video-preview:-1"},"canonical":"https:\/\/www.heenalu.fr\/de\/die-formeln-und-preise\/","og_locale":"de_DE","og_type":"article","og_title":"Die Formeln und Preise","og_description":"Surfschule in der s\u00fcdlichen Bretagne: Preise f\u00fcr Kurse, Gruppen- und Einzelunterricht in Surfen, Bodyboard, Longboard, Stand up Paddle, Tandem-Surfen in Form von Kursen und Wochenendangeboten.","og_url":"https:\/\/www.heenalu.fr\/de\/die-formeln-und-preise\/","og_site_name":"He&#039;enalu","article_publisher":"https:\/\/www.facebook.com\/ecoledesurf.heenalu\/","article_modified_time":"2025-03-06T12:40:40+00:00","twitter_card":"summary_large_image","twitter_misc":{"Gesch\u00e4tzte Lesezeit":"2\u00a0Minuten"},"schema":{"@context":"https:\/\/schema.org","@graph":[{"@type":"WebPage","@id":"https:\/\/www.heenalu.fr\/de\/die-formeln-und-preise\/","url":"https:\/\/www.heenalu.fr\/de\/die-formeln-und-preise\/","name":"Die Formeln und Preise","isPartOf":{"@id":"https:\/\/www.heenalu.fr\/#website"},"datePublished":"2015-11-14T21:57:40+00:00","dateModified":"2025-03-06T12:40:40+00:00","description":"Surfschule in der s\u00fcdlichen Bretagne: Preise f\u00fcr Kurse, Gruppen- und Einzelunterricht in Surfen, Bodyboard, Longboard, Stand up Paddle, Tandem-Surfen in Form von Kursen und Wochenendangeboten.","breadcrumb":{"@id":"https:\/\/www.heenalu.fr\/de\/die-formeln-und-preise\/#breadcrumb"},"inLanguage":"de","potentialAction":[{"@type":"ReadAction","target":["https:\/\/www.heenalu.fr\/de\/die-formeln-und-preise\/"]}]},{"@type":"BreadcrumbList","@id":"https:\/\/www.heenalu.fr\/de\/die-formeln-und-preise\/#breadcrumb","itemListElement":[{"@type":"ListItem","position":1,"name":"Home","item":"https:\/\/www.heenalu.fr\/de\/"},{"@type":"ListItem","position":2,"name":"Die Formeln und Preise"}]},{"@type":"WebSite","@id":"https:\/\/www.heenalu.fr\/#website","url":"https:\/\/www.heenalu.fr\/","name":"He&#039;enalu","description":"","potentialAction":[{"@type":"SearchAction","target":{"@type":"EntryPoint","urlTemplate":"https:\/\/www.heenalu.fr\/?s={search_term_string}"},"query-input":{"@type":"PropertyValueSpecification","valueRequired":true,"valueName":"search_term_string"}}],"inLanguage":"de"}]}},"_links":{"self":[{"href":"https:\/\/www.heenalu.fr\/de\/wp-json\/wp\/v2\/pages\/759","targetHints":{"allow":["GET"]}}],"collection":[{"href":"https:\/\/www.heenalu.fr\/de\/wp-json\/wp\/v2\/pages"}],"about":[{"href":"https:\/\/www.heenalu.fr\/de\/wp-json\/wp\/v2\/types\/page"}],"author":[{"embeddable":true,"href":"https:\/\/www.heenalu.fr\/de\/wp-json\/wp\/v2\/users\/1"}],"replies":[{"embeddable":true,"href":"https:\/\/www.heenalu.fr\/de\/wp-json\/wp\/v2\/comments?post=759"}],"version-history":[{"count":16,"href":"https:\/\/www.heenalu.fr\/de\/wp-json\/wp\/v2\/pages\/759\/revisions"}],"predecessor-version":[{"id":1843,"href":"https:\/\/www.heenalu.fr\/de\/wp-json\/wp\/v2\/pages\/759\/revisions\/1843"}],"wp:attachment":[{"href":"https:\/\/www.heenalu.fr\/de\/wp-json\/wp\/v2\/media?parent=759"}],"curies":[{"name":"wp","href":"https:\/\/api.w.org\/{rel}","templated":true}]}}