{"id":766,"date":"2015-11-14T22:58:01","date_gmt":"2015-11-14T21:58:01","guid":{"rendered":"https:\/\/www.heenalu.fr\/de\/surf-camp\/"},"modified":"2024-12-22T15:52:32","modified_gmt":"2024-12-22T14:52:32","slug":"surf-camp","status":"publish","type":"page","link":"https:\/\/www.heenalu.fr\/de\/surf-camp\/","title":{"rendered":"Surf camp"},"content":{"rendered":"<p>[vc_row][vc_column][vc_column_text]<\/p>\n<h1>Surf camp<\/h1>\n<p>[\/vc_column_text][\/vc_column][\/vc_row][vc_row][vc_column][vc_column_text]Anf\u00e4nger oder Fortgeschrittene, der Campingplatz \u201eLe Bonheur c\u00f4t\u00e9 pr\u00e9\u201c &#8211; kleiner Naturcampingplatz und ungew\u00f6hnliche Unterk\u00fcnfte und He&#8217;enalu, die Surfschule, freuen sich darauf, Sie zu empfangen und Sie bei Ihrem Lernen zu begleiten, indem sie Ihnen Angebote zur Verf\u00fcgung stellen, die auf Ihre Verf\u00fcgbarkeit und Ihre W\u00fcnsche zugeschnitten sind.<br \/>\nSie m\u00f6chten unter der Woche oder an einem Wochenende dem Alltag entfliehen, zu zweit, mit der Familie oder mit Freunden. Nachdem Sie mit Ihrem Lehrer die Ausr\u00fcstung ausgew\u00e4hlt haben, die Ihrem K\u00f6rperbau und Ihrem Niveau entspricht (Surfbretter und Neoprenanz\u00fcge), begeben Sie sich zu den sch\u00f6nsten Str\u00e4nden der Bucht von Audierne, um sich Ihren ersten Wellen zu stellen.<\/p>\n<p><img loading=\"lazy\" decoding=\"async\" class=\"aligncenter wp-image-1006 size-large\" src=\"https:\/\/www.heenalu.fr\/wp-content\/uploads\/logo-le-bonheur-cote-pre-modified-1024x288.png\" alt=\"\" width=\"660\" height=\"186\" srcset=\"https:\/\/www.heenalu.fr\/wp-content\/uploads\/logo-le-bonheur-cote-pre-modified-1024x288.png 1024w, https:\/\/www.heenalu.fr\/wp-content\/uploads\/logo-le-bonheur-cote-pre-modified-300x84.png 300w, https:\/\/www.heenalu.fr\/wp-content\/uploads\/logo-le-bonheur-cote-pre-modified-1536x432.png 1536w, https:\/\/www.heenalu.fr\/wp-content\/uploads\/logo-le-bonheur-cote-pre-modified-350x100.png 350w, https:\/\/www.heenalu.fr\/wp-content\/uploads\/logo-le-bonheur-cote-pre-modified.png 1920w\" sizes=\"auto, (max-width: 660px) 100vw, 660px\" \/><\/p>\n<p>Im Sommer surfen Sie weniger als 10 Minuten vom Campingplatz entfernt, je nach Surfbedingungen entweder am Strand von Kermabec in Tr\u00e9guennec oder am Strand von Kerbinigou in Tr\u00e9ogat. Diese erhabenen Str\u00e4nde aus feinem Sand, die sich im Herzen der Bucht von Audierne befinden, liegen auf halbem Weg zwischen der Pointe de la Torche in Plomeur und dem Strand von Penhors in Pouldreuzic. Diese Spots sind weniger \u00fcberlaufen und bieten mehr Sicherheit.<\/p>\n<p>Von April bis Juni und von September bis November k\u00f6nnen Sie die besten Wellen der Bucht von Audierne surfen! Je nach Wetterlage k\u00f6nnen die Kurse in Pors Carn, an der Pointe de la Torche, in Tronoen oder in Penhors stattfinden. Ihr Lehrer, der nach 30 Jahren Praxis und 20 Jahren Unterricht alle Spots kennt, wird Sie am besten Ort zur besten Zeit treffen.<\/p>\n<p>In dieser au\u00dfergew\u00f6hnlichen und gesch\u00fctzten Umgebung wird Ihnen Olivier seine Leidenschaft und Erfahrung vermitteln. Er ist immer anwesend, um Sie zu beraten und Ihnen Sicherheit zu geben, und wird Sie mit Wohlwollen w\u00e4hrend Ihres gesamten Fortschritts begleiten.<\/p>\n<p>F\u00fcr Surfcamps bieten der Campingplatz \u201eLe Bonheur c\u00f4t\u00e9 pr\u00e9\u201c &#8211; ein kleiner Naturcampingplatz mit ungew\u00f6hnlichen Unterk\u00fcnften &#8211; und He&#8217;enalu, die Surfschule, einen Rabatt von 10 % auf Ihre Unterkunft und Ihre Surfkurse.[\/vc_column_text][\/vc_column][\/vc_row][vc_row][vc_column][vc_tta_accordion style=&#8220;flat&#8220; active_section=&#8220;&#8220;][vc_tta_section title=&#8220;Unterkunft in Tiny House&#8220; tab_id=&#8220;1447883184602-9ba4cbc6-dde5&#8243;][vc_column_text]Unterkunft ganzj\u00e4hrig ge\u00f6ffnet &#8211; bis zu 5 Personen, davon 2 bis 3 Erwachsene[\/vc_column_text][vc_media_grid grid_id=&#8220;vc_gid:1734879041537-ca507bfa-1a31-2&#8243; include=&#8220;1001,1002,1003&#8243;][\/vc_tta_section][vc_tta_section title=&#8220;Haus A&#8220; tab_id=&#8220;1447883477043-40369dc9-d408&#8243;][vc_column_text]Unterkunft ganzj\u00e4hrig ge\u00f6ffnet &#8211; f\u00fcr 4 Personen[\/vc_column_text][vc_media_grid grid_id=&#8220;vc_gid:1734879041543-69027774-e9bd-3&#8243; include=&#8220;996,995&#8243;][\/vc_tta_section][vc_tta_section title=&#8220;Roter Zigeunerwagen und wei\u00dfer Zigeunerwagen&#8220; tab_id=&#8220;1551868887897-33341350-fa33&#8243;][vc_column_text]Ganzj\u00e4hrig ge\u00f6ffnete Unterk\u00fcnfte &#8211; bis zu 5 Personen, darunter 2 bis 3 Erwachsene[\/vc_column_text][vc_media_grid grid_id=&#8220;vc_gid:1734879041546-60306655-7a86-4&#8243; include=&#8220;997,998,999,1000&#8243;][\/vc_tta_section][vc_tta_section title=&#8220;Rote Chalets und Gr\u00fcne Chalets&#8220; tab_id=&#8220;1734706184236-bb60bda5-0dfa&#8220;][vc_column_text]Ganzj\u00e4hrig ge\u00f6ffnete Unterk\u00fcnfte &#8211; von 2 bis 8 Personen[\/vc_column_text][vc_media_grid grid_id=&#8220;vc_gid:1734879041553-434921aa-903d-9&#8243; include=&#8220;991,992,993&#8243;][\/vc_tta_section][vc_tta_section title=&#8220;Campingplatz&#8220; tab_id=&#8220;1734706212702-a575a4c4-1dea&#8220;][vc_column_text]<\/p>\n<div dir=\"ltr\" data-setdir=\"false\">Campingpl\u00e4tze ge\u00f6ffnet vom 1\/06 bis 30\/09<\/div>\n<p>[\/vc_column_text][vc_media_grid grid_id=&#8220;vc_gid:1734879041558-b0e87ef7-e764-3&#8243; include=&#8220;988,989,990&#8243;][\/vc_tta_section][\/vc_tta_accordion][\/vc_column][\/vc_row][vc_row][vc_column][vc_column_text]<\/p>\n<h2>WIE MELDEN SIE SICH AN?<\/h2>\n<p>[\/vc_column_text][\/vc_column][\/vc_row][vc_row][vc_column][vc_column_text]<strong>Denken Sie daran, jetzt Ihre Unterkunft und Ihren Surfkurs zu buchen, um von einem Rabatt von 10% zu profitieren.<\/strong><\/p>\n<ol>\n<li>\u00dcberpr\u00fcfen Sie die Verf\u00fcgbarkeit der Unterk\u00fcnfte, indem Sie die Besitzerin des Campingplatzes, Claudia Durand, unter 06 73 09 92 97 oder \u00fcber das Kontaktformular des Campingplatzes kontaktieren: <a href=\"https:\/\/lebonheurcotepre.fr\/contact-et-reservations\/\">https:\/\/lebonheurcotepre.fr\/contact-et-reservations\/<\/a>.<\/li>\n<li>\u00dcberpr\u00fcfen Sie die Verf\u00fcgbarkeit von Surfkursen, indem Sie Olivier MARTIN unter 06 32 815 814 oder per E-Mail kontaktieren: <a href=\"mailto:heenalu.ecoledesurf@yahoo.fr\">heenalu.ecoledesurf@yahoo.fr<\/a>.<\/li>\n<li>Wenn Sie sich \u00fcber die Daten geeinigt haben, <a href=\"https:\/\/www.heenalu.fr\/de\/anmeldung\/\">laden Sie das Anmeldeformular herunter<\/a>, drucken Sie es aus und schicken Sie es ausgef\u00fcllt mit Ihrem Scheck f\u00fcr die Anzahlung (30 % des Preises) an die angegebene Adresse.<\/li>\n<\/ol>\n<p>Bitte beachten Sie die Allgemeinen Gesch\u00e4ftsbedingungen: <a href=\"https:\/\/www.heenalu.fr\/de\/anmeldung\/\">Lesen Sie die Allgemeinen Gesch\u00e4ftsbedingungen<\/a>.[\/vc_column_text][\/vc_column][\/vc_row]<\/p>\n","protected":false},"excerpt":{"rendered":"<p>[vc_row][vc_column][vc_column_text] Surf camp [\/vc_column_text][\/vc_column][\/vc_row][vc_row][vc_column][vc_column_text]Anf\u00e4nger oder Fortgeschrittene, der Campingplatz \u201eLe Bonheur c\u00f4t\u00e9 pr\u00e9\u201c &#8211; kleiner Naturcampingplatz und ungew\u00f6hnliche Unterk\u00fcnfte und He&#8217;enalu, die Surfschule, freuen sich darauf, Sie zu empfangen und Sie bei Ihrem Lernen zu begleiten, indem sie Ihnen Angebote zur Verf\u00fcgung stellen, die auf Ihre Verf\u00fcgbarkeit und Ihre W\u00fcnsche zugeschnitten sind. Sie m\u00f6chten unter der [&hellip;]<\/p>\n","protected":false},"author":1,"featured_media":0,"parent":0,"menu_order":0,"comment_status":"closed","ping_status":"closed","template":"","meta":{"_acf_changed":false,"footnotes":""},"class_list":["post-766","page","type-page","status-publish","hentry"],"acf":[],"yoast_head":"<!-- This site is optimized with the Yoast SEO Premium plugin v20.8 (Yoast SEO v24.6) - https:\/\/yoast.com\/wordpress\/plugins\/seo\/ -->\n<title>Surf camp - He&#039;enalu<\/title>\n<meta name=\"robots\" content=\"index, follow, max-snippet:-1, max-image-preview:large, max-video-preview:-1\" \/>\n<link rel=\"canonical\" href=\"https:\/\/www.heenalu.fr\/de\/surf-camp\/\" \/>\n<meta property=\"og:locale\" content=\"de_DE\" \/>\n<meta property=\"og:type\" content=\"article\" \/>\n<meta property=\"og:title\" content=\"Surf camp\" \/>\n<meta property=\"og:description\" content=\"[vc_row][vc_column][vc_column_text] Surf camp [\/vc_column_text][\/vc_column][\/vc_row][vc_row][vc_column][vc_column_text]Anf\u00e4nger oder Fortgeschrittene, der Campingplatz \u201eLe Bonheur c\u00f4t\u00e9 pr\u00e9\u201c &#8211; kleiner Naturcampingplatz und ungew\u00f6hnliche Unterk\u00fcnfte und He&#8217;enalu, die Surfschule, freuen sich darauf, Sie zu empfangen und Sie bei Ihrem Lernen zu begleiten, indem sie Ihnen Angebote zur Verf\u00fcgung stellen, die auf Ihre Verf\u00fcgbarkeit und Ihre W\u00fcnsche zugeschnitten sind. Sie m\u00f6chten unter der [&hellip;]\" \/>\n<meta property=\"og:url\" content=\"https:\/\/www.heenalu.fr\/de\/surf-camp\/\" \/>\n<meta property=\"og:site_name\" content=\"He&#039;enalu\" \/>\n<meta property=\"article:publisher\" content=\"https:\/\/www.facebook.com\/ecoledesurf.heenalu\/\" \/>\n<meta property=\"article:modified_time\" content=\"2024-12-22T14:52:32+00:00\" \/>\n<meta property=\"og:image\" content=\"https:\/\/www.heenalu.fr\/wp-content\/uploads\/logo-le-bonheur-cote-pre-modified.png\" \/>\n\t<meta property=\"og:image:width\" content=\"1920\" \/>\n\t<meta property=\"og:image:height\" content=\"540\" \/>\n\t<meta property=\"og:image:type\" content=\"image\/png\" \/>\n<meta name=\"twitter:card\" content=\"summary_large_image\" \/>\n<meta name=\"twitter:label1\" content=\"Gesch\u00e4tzte Lesezeit\" \/>\n\t<meta name=\"twitter:data1\" content=\"7\u00a0Minuten\" \/>\n<script type=\"application\/ld+json\" class=\"yoast-schema-graph\">{\"@context\":\"https:\/\/schema.org\",\"@graph\":[{\"@type\":\"WebPage\",\"@id\":\"https:\/\/www.heenalu.fr\/de\/surf-camp\/\",\"url\":\"https:\/\/www.heenalu.fr\/de\/surf-camp\/\",\"name\":\"Surf camp - He&#039;enalu\",\"isPartOf\":{\"@id\":\"https:\/\/www.heenalu.fr\/#website\"},\"primaryImageOfPage\":{\"@id\":\"https:\/\/www.heenalu.fr\/de\/surf-camp\/#primaryimage\"},\"image\":{\"@id\":\"https:\/\/www.heenalu.fr\/de\/surf-camp\/#primaryimage\"},\"thumbnailUrl\":\"https:\/\/www.heenalu.fr\/wp-content\/uploads\/logo-le-bonheur-cote-pre-modified-1024x288.png\",\"datePublished\":\"2015-11-14T21:58:01+00:00\",\"dateModified\":\"2024-12-22T14:52:32+00:00\",\"breadcrumb\":{\"@id\":\"https:\/\/www.heenalu.fr\/de\/surf-camp\/#breadcrumb\"},\"inLanguage\":\"de\",\"potentialAction\":[{\"@type\":\"ReadAction\",\"target\":[\"https:\/\/www.heenalu.fr\/de\/surf-camp\/\"]}]},{\"@type\":\"ImageObject\",\"inLanguage\":\"de\",\"@id\":\"https:\/\/www.heenalu.fr\/de\/surf-camp\/#primaryimage\",\"url\":\"https:\/\/www.heenalu.fr\/wp-content\/uploads\/logo-le-bonheur-cote-pre-modified-1024x288.png\",\"contentUrl\":\"https:\/\/www.heenalu.fr\/wp-content\/uploads\/logo-le-bonheur-cote-pre-modified-1024x288.png\"},{\"@type\":\"BreadcrumbList\",\"@id\":\"https:\/\/www.heenalu.fr\/de\/surf-camp\/#breadcrumb\",\"itemListElement\":[{\"@type\":\"ListItem\",\"position\":1,\"name\":\"Home\",\"item\":\"https:\/\/www.heenalu.fr\/de\/\"},{\"@type\":\"ListItem\",\"position\":2,\"name\":\"Surf camp\"}]},{\"@type\":\"WebSite\",\"@id\":\"https:\/\/www.heenalu.fr\/#website\",\"url\":\"https:\/\/www.heenalu.fr\/\",\"name\":\"He&#039;enalu\",\"description\":\"\",\"potentialAction\":[{\"@type\":\"SearchAction\",\"target\":{\"@type\":\"EntryPoint\",\"urlTemplate\":\"https:\/\/www.heenalu.fr\/?s={search_term_string}\"},\"query-input\":{\"@type\":\"PropertyValueSpecification\",\"valueRequired\":true,\"valueName\":\"search_term_string\"}}],\"inLanguage\":\"de\"}]}<\/script>\n<!-- \/ Yoast SEO Premium plugin. -->","yoast_head_json":{"title":"Surf camp - He&#039;enalu","robots":{"index":"index","follow":"follow","max-snippet":"max-snippet:-1","max-image-preview":"max-image-preview:large","max-video-preview":"max-video-preview:-1"},"canonical":"https:\/\/www.heenalu.fr\/de\/surf-camp\/","og_locale":"de_DE","og_type":"article","og_title":"Surf camp","og_description":"[vc_row][vc_column][vc_column_text] Surf camp [\/vc_column_text][\/vc_column][\/vc_row][vc_row][vc_column][vc_column_text]Anf\u00e4nger oder Fortgeschrittene, der Campingplatz \u201eLe Bonheur c\u00f4t\u00e9 pr\u00e9\u201c &#8211; kleiner Naturcampingplatz und ungew\u00f6hnliche Unterk\u00fcnfte und He&#8217;enalu, die Surfschule, freuen sich darauf, Sie zu empfangen und Sie bei Ihrem Lernen zu begleiten, indem sie Ihnen Angebote zur Verf\u00fcgung stellen, die auf Ihre Verf\u00fcgbarkeit und Ihre W\u00fcnsche zugeschnitten sind. Sie m\u00f6chten unter der [&hellip;]","og_url":"https:\/\/www.heenalu.fr\/de\/surf-camp\/","og_site_name":"He&#039;enalu","article_publisher":"https:\/\/www.facebook.com\/ecoledesurf.heenalu\/","article_modified_time":"2024-12-22T14:52:32+00:00","og_image":[{"width":1920,"height":540,"url":"https:\/\/www.heenalu.fr\/wp-content\/uploads\/logo-le-bonheur-cote-pre-modified.png","type":"image\/png"}],"twitter_card":"summary_large_image","twitter_misc":{"Gesch\u00e4tzte Lesezeit":"7\u00a0Minuten"},"schema":{"@context":"https:\/\/schema.org","@graph":[{"@type":"WebPage","@id":"https:\/\/www.heenalu.fr\/de\/surf-camp\/","url":"https:\/\/www.heenalu.fr\/de\/surf-camp\/","name":"Surf camp - He&#039;enalu","isPartOf":{"@id":"https:\/\/www.heenalu.fr\/#website"},"primaryImageOfPage":{"@id":"https:\/\/www.heenalu.fr\/de\/surf-camp\/#primaryimage"},"image":{"@id":"https:\/\/www.heenalu.fr\/de\/surf-camp\/#primaryimage"},"thumbnailUrl":"https:\/\/www.heenalu.fr\/wp-content\/uploads\/logo-le-bonheur-cote-pre-modified-1024x288.png","datePublished":"2015-11-14T21:58:01+00:00","dateModified":"2024-12-22T14:52:32+00:00","breadcrumb":{"@id":"https:\/\/www.heenalu.fr\/de\/surf-camp\/#breadcrumb"},"inLanguage":"de","potentialAction":[{"@type":"ReadAction","target":["https:\/\/www.heenalu.fr\/de\/surf-camp\/"]}]},{"@type":"ImageObject","inLanguage":"de","@id":"https:\/\/www.heenalu.fr\/de\/surf-camp\/#primaryimage","url":"https:\/\/www.heenalu.fr\/wp-content\/uploads\/logo-le-bonheur-cote-pre-modified-1024x288.png","contentUrl":"https:\/\/www.heenalu.fr\/wp-content\/uploads\/logo-le-bonheur-cote-pre-modified-1024x288.png"},{"@type":"BreadcrumbList","@id":"https:\/\/www.heenalu.fr\/de\/surf-camp\/#breadcrumb","itemListElement":[{"@type":"ListItem","position":1,"name":"Home","item":"https:\/\/www.heenalu.fr\/de\/"},{"@type":"ListItem","position":2,"name":"Surf camp"}]},{"@type":"WebSite","@id":"https:\/\/www.heenalu.fr\/#website","url":"https:\/\/www.heenalu.fr\/","name":"He&#039;enalu","description":"","potentialAction":[{"@type":"SearchAction","target":{"@type":"EntryPoint","urlTemplate":"https:\/\/www.heenalu.fr\/?s={search_term_string}"},"query-input":{"@type":"PropertyValueSpecification","valueRequired":true,"valueName":"search_term_string"}}],"inLanguage":"de"}]}},"_links":{"self":[{"href":"https:\/\/www.heenalu.fr\/de\/wp-json\/wp\/v2\/pages\/766","targetHints":{"allow":["GET"]}}],"collection":[{"href":"https:\/\/www.heenalu.fr\/de\/wp-json\/wp\/v2\/pages"}],"about":[{"href":"https:\/\/www.heenalu.fr\/de\/wp-json\/wp\/v2\/types\/page"}],"author":[{"embeddable":true,"href":"https:\/\/www.heenalu.fr\/de\/wp-json\/wp\/v2\/users\/1"}],"replies":[{"embeddable":true,"href":"https:\/\/www.heenalu.fr\/de\/wp-json\/wp\/v2\/comments?post=766"}],"version-history":[{"count":7,"href":"https:\/\/www.heenalu.fr\/de\/wp-json\/wp\/v2\/pages\/766\/revisions"}],"predecessor-version":[{"id":1019,"href":"https:\/\/www.heenalu.fr\/de\/wp-json\/wp\/v2\/pages\/766\/revisions\/1019"}],"wp:attachment":[{"href":"https:\/\/www.heenalu.fr\/de\/wp-json\/wp\/v2\/media?parent=766"}],"curies":[{"name":"wp","href":"https:\/\/api.w.org\/{rel}","templated":true}]}}