{"id":307,"date":"2015-11-14T22:57:14","date_gmt":"2015-11-14T21:57:14","guid":{"rendered":"http:\/\/www.heenalu.fr\/en\/?page_id=307"},"modified":"2025-03-06T13:48:41","modified_gmt":"2025-03-06T12:48:41","slug":"the-surf-school","status":"publish","type":"page","link":"https:\/\/www.heenalu.fr\/en\/the-surf-school\/","title":{"rendered":"The surf school"},"content":{"rendered":"<p>[vc_row bg_position=&#8221;center top&#8221; row_parallax=&#8221;false&#8221;][vc_column][vc_column_text]<\/p>\n<h2 class=\"paragraph_style\"><span class=\"style_1\">School spirit<\/span><\/h2>\n<p>[\/vc_column_text][\/vc_column][\/vc_row][vc_row row_type=&#8221;row_fullwidth_content&#8221; bg_image=&#8221;1647&#8243; bg_position=&#8221;center center&#8221; class=&#8221;banner&#8221;][vc_column][\/vc_column][\/vc_row][vc_row bg_position=&#8221;center top&#8221; row_parallax=&#8221;false&#8221;][vc_column][vc_column_text]Surfing is practised in a fascinating natural environment, and learning to surf is inseparable from knowing and understanding it. Surfing is all about gliding, carried along by the energy of a wave, and He&#8217;enalu (from the Hawaiian \u2018he&#8217;e\u2019 &#8211; the glide and \u2018nalu\u2019 &#8211; the wave) sums up the spirit of this ancient practice.<\/p>\n<p>Olivier set up the school in 2008 to pass on his passion, experience and enthusiasm. For him, being a surf instructor is more than just a profession &#8211; it&#8217;s a real passion. Keeping the school on a human scale allows him to get to know his students better and make it easier to follow them over several years. They all feel part of the same big family.<\/p>\n<p>In summer, the school gives lessons at Kermabec beach in Tr\u00e9guennec and at the neighbouring spot to the north of the Etang de Trunvel, at Kerbinigou beach in Tr\u00e9ogat.<\/p>\n<p>Itinerant in the off-season, he offers his pupils the chance to discover the major spots in the Bay of Audierne in complete safety and to surf the best waves of the day.[\/vc_column_text][\/vc_column][\/vc_row][vc_row][vc_column][vc_column_text]<\/p>\n<h2 class=\"paragraph_style_3\"><span class=\"style_1\">SURF LESSONS<\/span><\/h2>\n<p>[\/vc_column_text][\/vc_column][\/vc_row][vc_row row_type=&#8221;row_fullwidth_content&#8221; bg_image=&#8221;1583&#8243; bg_position=&#8221;center center&#8221; class=&#8221;banner&#8221;][vc_column][\/vc_column][\/vc_row][vc_row row_id=&#8221;list&#8221;][vc_column][vc_column_text]<\/p>\n<ul>\n<li class=\"Standard\"><i class=\"fa-solid fa-bolt\"><\/i>Taught by a state-certified instructor<\/li>\n<li class=\"Standard\"><i class=\"fa-solid fa-bolt\"><\/i>Group lessons last 2h00<\/li>\n<li class=\"Standard\"><i class=\"fa-solid fa-bolt\"><\/i>Maximum 8 people per instructor &#8211; Groups matched by age\/level<\/li>\n<li class=\"Standard\"><i class=\"fa-solid fa-bolt\"><\/i>Loan of equipment (boards and wetsuits) and insurance included<\/li>\n<li class=\"Standard\"><i class=\"fa-solid fa-bolt\"><\/i>Lessons in French, English and SpanishAt the start of each session, we talk about the day&#8217;s surf conditions and the specific characteristics of the spot, before giving a brief introduction to bodysurfing and a systematic reminder of safety instructions. Then it&#8217;s off to hit the waves and enjoy the ride!\n<p>Explanations on the sand alternate with exercises in the water and personalised feedback, all in good humour. At all times, the instructor is there to answer your questions, encourage you and enable you to progress at your own pace thanks to an individual and personalised approach.<\/p>\n<p>The aim is then to achieve your first \u2018take-off\u2019 (paddle, steer and right yourself) in the foam.<\/p>\n<p>We pay particular attention to your wishes so that we can help you achieve your goals. These can range from simply discovering the activity, to perfecting it (working on speed, manoeuvres, style, etc.) or simply having a good time in the ocean.<\/li>\n<\/ul>\n<p>[\/vc_column_text][vc_column_text]<\/p>\n<h2 class=\"paragraph_style_3\"><span class=\"style_6\">THE MATERIAL<\/span><\/h2>\n<p>[\/vc_column_text][vc_column_text]<\/p>\n<p class=\"Textbody\">Take advantage of a wide range of softboards and 4\/3mm full wetsuits available in all sizes, from 4 years to XXL. For your comfort and hygiene, our wetsuits are systematically cleaned, disinfected with Bacterless and dried.<\/p>\n<p>[\/vc_column_text][vc_media_grid element_width=&#8221;2&#8243; grid_id=&#8221;vc_gid:1741265149690-6d222ba2-68a3-1&#8243; include=&#8221;1589,1595,1601,1598,1616,1619,977,1634,1592,1631,1628,1625,1622,1610,1607,1604,1637,1650&#8243;][\/vc_column][\/vc_row][vc_row][vc_column][vc_column_text]<\/p>\n<h2 class=\"paragraph_style_3\"><span class=\"style_1\">YOUR SURF INSTRUCTOR<\/span><\/h2>\n<p>[\/vc_column_text][\/vc_column][\/vc_row][vc_row row_type=&#8221;row_fullwidth_content&#8221; bg_image=&#8221;1680&#8243; bg_position=&#8221;center center&#8221; class=&#8221;banner&#8221;][vc_column][\/vc_column][\/vc_row][vc_row][vc_column][vc_column_text]<\/p>\n<div>\n<p>A \u2018free surfer\u2019 at heart, Olivier began competing in longboarding at departmental, regional and then national level. He won the Finist\u00e8re vice-championship in 2002 and the Bretagne vice-championship in 2003 and 2004 in longboard.<\/p>\n<p>After obtaining a postgraduate diploma (DESS) in Maritime Law, from 2001 to 2005 he travelled the globe, surfing almost all the oceans (Mexico, Ireland, England, France, Spain, Portugal, Madeira, the Canaries, Morocco, Mauritius and Reunion Island, Indonesia, Peru, Martinique and Guadeloupe).<\/p>\n<p>Returning to Brittany in 2006, he decided to make his dream come true by turning his passion into his profession.<\/p>\n<blockquote><p>My wish was to reconcile my passion and professional activity where I have my roots, while at the same time meeting a real demand for board sports. I&#8217;ve had a real passion for surfing ever since I first set foot on a board, and I naturally wanted to pass on this enthusiasm to my students.<\/p><\/blockquote>\n<\/div>\n<div><\/div>\n<p>[\/vc_column_text][vc_media_grid grid_id=&#8221;vc_gid:1741265149717-ab98f67c-0837-0&#8243; include=&#8221;1676,1673,1670,1667,1664,424&#8243;][\/vc_column][\/vc_row]<\/p>\n","protected":false},"excerpt":{"rendered":"<p>[vc_row bg_position=&#8221;center top&#8221; row_parallax=&#8221;false&#8221;][vc_column][vc_column_text] School spirit [\/vc_column_text][\/vc_column][\/vc_row][vc_row row_type=&#8221;row_fullwidth_content&#8221; bg_image=&#8221;1647&#8243; bg_position=&#8221;center center&#8221; class=&#8221;banner&#8221;][vc_column][\/vc_column][\/vc_row][vc_row bg_position=&#8221;center top&#8221; row_parallax=&#8221;false&#8221;][vc_column][vc_column_text]Surfing is practised in a fascinating natural environment, and learning to surf is inseparable from knowing and understanding it. Surfing is all about gliding, carried along by the energy of a wave, and He&#8217;enalu (from the Hawaiian \u2018he&#8217;e\u2019 &#8211; the glide [&hellip;]<\/p>\n","protected":false},"author":1,"featured_media":0,"parent":0,"menu_order":0,"comment_status":"closed","ping_status":"closed","template":"","meta":{"_acf_changed":false,"footnotes":""},"class_list":["post-307","page","type-page","status-publish","hentry"],"acf":[],"yoast_head":"<!-- This site is optimized with the Yoast SEO Premium plugin v20.8 (Yoast SEO v24.6) - https:\/\/yoast.com\/wordpress\/plugins\/seo\/ -->\n<title>L&#039;\u00e9cole de surf de Tr\u00e9guennec dans le Finist\u00e8re juste \u00e0 c\u00f4t\u00e9 de la Torche<\/title>\n<meta name=\"description\" content=\"Cours collectifs et particuliers de surf, bodyboard, longboard, stand up paddle, surf tandem sous forme de stages et formules. L&#039;esprit surf en baie d&#039;audierne sur le site classe de treguennec pr\u00e8s de La Torche, dans un cadre exceptionnel entre etangs et oceans.\" \/>\n<meta name=\"robots\" content=\"index, follow, max-snippet:-1, max-image-preview:large, max-video-preview:-1\" \/>\n<link rel=\"canonical\" href=\"https:\/\/www.heenalu.fr\/en\/the-surf-school\/\" \/>\n<meta property=\"og:locale\" content=\"en_US\" \/>\n<meta property=\"og:type\" content=\"article\" \/>\n<meta property=\"og:title\" content=\"The surf school\" \/>\n<meta property=\"og:description\" content=\"Cours collectifs et particuliers de surf, bodyboard, longboard, stand up paddle, surf tandem sous forme de stages et formules. L&#039;esprit surf en baie d&#039;audierne sur le site classe de treguennec pr\u00e8s de La Torche, dans un cadre exceptionnel entre etangs et oceans.\" \/>\n<meta property=\"og:url\" content=\"https:\/\/www.heenalu.fr\/en\/the-surf-school\/\" \/>\n<meta property=\"og:site_name\" content=\"He&#039;enalu\" \/>\n<meta property=\"article:publisher\" content=\"https:\/\/www.facebook.com\/ecoledesurf.heenalu\/\" \/>\n<meta property=\"article:modified_time\" content=\"2025-03-06T12:48:41+00:00\" \/>\n<meta name=\"twitter:card\" content=\"summary_large_image\" \/>\n<meta name=\"twitter:label1\" content=\"Est. reading time\" \/>\n\t<meta name=\"twitter:data1\" content=\"8 minutes\" \/>\n<script type=\"application\/ld+json\" class=\"yoast-schema-graph\">{\"@context\":\"https:\/\/schema.org\",\"@graph\":[{\"@type\":\"WebPage\",\"@id\":\"https:\/\/www.heenalu.fr\/en\/the-surf-school\/\",\"url\":\"https:\/\/www.heenalu.fr\/en\/the-surf-school\/\",\"name\":\"L'\u00e9cole de surf de Tr\u00e9guennec dans le Finist\u00e8re juste \u00e0 c\u00f4t\u00e9 de la Torche\",\"isPartOf\":{\"@id\":\"https:\/\/www.heenalu.fr\/#website\"},\"datePublished\":\"2015-11-14T21:57:14+00:00\",\"dateModified\":\"2025-03-06T12:48:41+00:00\",\"description\":\"Cours collectifs et particuliers de surf, bodyboard, longboard, stand up paddle, surf tandem sous forme de stages et formules. L'esprit surf en baie d'audierne sur le site classe de treguennec pr\u00e8s de La Torche, dans un cadre exceptionnel entre etangs et oceans.\",\"breadcrumb\":{\"@id\":\"https:\/\/www.heenalu.fr\/en\/the-surf-school\/#breadcrumb\"},\"inLanguage\":\"en-US\",\"potentialAction\":[{\"@type\":\"ReadAction\",\"target\":[\"https:\/\/www.heenalu.fr\/en\/the-surf-school\/\"]}]},{\"@type\":\"BreadcrumbList\",\"@id\":\"https:\/\/www.heenalu.fr\/en\/the-surf-school\/#breadcrumb\",\"itemListElement\":[{\"@type\":\"ListItem\",\"position\":1,\"name\":\"Home\",\"item\":\"https:\/\/www.heenalu.fr\/en\/\"},{\"@type\":\"ListItem\",\"position\":2,\"name\":\"The surf school\"}]},{\"@type\":\"WebSite\",\"@id\":\"https:\/\/www.heenalu.fr\/#website\",\"url\":\"https:\/\/www.heenalu.fr\/\",\"name\":\"He&#039;enalu\",\"description\":\"\",\"potentialAction\":[{\"@type\":\"SearchAction\",\"target\":{\"@type\":\"EntryPoint\",\"urlTemplate\":\"https:\/\/www.heenalu.fr\/?s={search_term_string}\"},\"query-input\":{\"@type\":\"PropertyValueSpecification\",\"valueRequired\":true,\"valueName\":\"search_term_string\"}}],\"inLanguage\":\"en-US\"}]}<\/script>\n<!-- \/ Yoast SEO Premium plugin. -->","yoast_head_json":{"title":"L'\u00e9cole de surf de Tr\u00e9guennec dans le Finist\u00e8re juste \u00e0 c\u00f4t\u00e9 de la Torche","description":"Cours collectifs et particuliers de surf, bodyboard, longboard, stand up paddle, surf tandem sous forme de stages et formules. L'esprit surf en baie d'audierne sur le site classe de treguennec pr\u00e8s de La Torche, dans un cadre exceptionnel entre etangs et oceans.","robots":{"index":"index","follow":"follow","max-snippet":"max-snippet:-1","max-image-preview":"max-image-preview:large","max-video-preview":"max-video-preview:-1"},"canonical":"https:\/\/www.heenalu.fr\/en\/the-surf-school\/","og_locale":"en_US","og_type":"article","og_title":"The surf school","og_description":"Cours collectifs et particuliers de surf, bodyboard, longboard, stand up paddle, surf tandem sous forme de stages et formules. L'esprit surf en baie d'audierne sur le site classe de treguennec pr\u00e8s de La Torche, dans un cadre exceptionnel entre etangs et oceans.","og_url":"https:\/\/www.heenalu.fr\/en\/the-surf-school\/","og_site_name":"He&#039;enalu","article_publisher":"https:\/\/www.facebook.com\/ecoledesurf.heenalu\/","article_modified_time":"2025-03-06T12:48:41+00:00","twitter_card":"summary_large_image","twitter_misc":{"Est. reading time":"8 minutes"},"schema":{"@context":"https:\/\/schema.org","@graph":[{"@type":"WebPage","@id":"https:\/\/www.heenalu.fr\/en\/the-surf-school\/","url":"https:\/\/www.heenalu.fr\/en\/the-surf-school\/","name":"L'\u00e9cole de surf de Tr\u00e9guennec dans le Finist\u00e8re juste \u00e0 c\u00f4t\u00e9 de la Torche","isPartOf":{"@id":"https:\/\/www.heenalu.fr\/#website"},"datePublished":"2015-11-14T21:57:14+00:00","dateModified":"2025-03-06T12:48:41+00:00","description":"Cours collectifs et particuliers de surf, bodyboard, longboard, stand up paddle, surf tandem sous forme de stages et formules. L'esprit surf en baie d'audierne sur le site classe de treguennec pr\u00e8s de La Torche, dans un cadre exceptionnel entre etangs et oceans.","breadcrumb":{"@id":"https:\/\/www.heenalu.fr\/en\/the-surf-school\/#breadcrumb"},"inLanguage":"en-US","potentialAction":[{"@type":"ReadAction","target":["https:\/\/www.heenalu.fr\/en\/the-surf-school\/"]}]},{"@type":"BreadcrumbList","@id":"https:\/\/www.heenalu.fr\/en\/the-surf-school\/#breadcrumb","itemListElement":[{"@type":"ListItem","position":1,"name":"Home","item":"https:\/\/www.heenalu.fr\/en\/"},{"@type":"ListItem","position":2,"name":"The surf school"}]},{"@type":"WebSite","@id":"https:\/\/www.heenalu.fr\/#website","url":"https:\/\/www.heenalu.fr\/","name":"He&#039;enalu","description":"","potentialAction":[{"@type":"SearchAction","target":{"@type":"EntryPoint","urlTemplate":"https:\/\/www.heenalu.fr\/?s={search_term_string}"},"query-input":{"@type":"PropertyValueSpecification","valueRequired":true,"valueName":"search_term_string"}}],"inLanguage":"en-US"}]}},"_links":{"self":[{"href":"https:\/\/www.heenalu.fr\/en\/wp-json\/wp\/v2\/pages\/307","targetHints":{"allow":["GET"]}}],"collection":[{"href":"https:\/\/www.heenalu.fr\/en\/wp-json\/wp\/v2\/pages"}],"about":[{"href":"https:\/\/www.heenalu.fr\/en\/wp-json\/wp\/v2\/types\/page"}],"author":[{"embeddable":true,"href":"https:\/\/www.heenalu.fr\/en\/wp-json\/wp\/v2\/users\/1"}],"replies":[{"embeddable":true,"href":"https:\/\/www.heenalu.fr\/en\/wp-json\/wp\/v2\/comments?post=307"}],"version-history":[{"count":10,"href":"https:\/\/www.heenalu.fr\/en\/wp-json\/wp\/v2\/pages\/307\/revisions"}],"predecessor-version":[{"id":569,"href":"https:\/\/www.heenalu.fr\/en\/wp-json\/wp\/v2\/pages\/307\/revisions\/569"}],"wp:attachment":[{"href":"https:\/\/www.heenalu.fr\/en\/wp-json\/wp\/v2\/media?parent=307"}],"curies":[{"name":"wp","href":"https:\/\/api.w.org\/{rel}","templated":true}]}}