{"id":321,"date":"2015-11-30T23:28:13","date_gmt":"2015-11-30T22:28:13","guid":{"rendered":"http:\/\/www.heenalu.fr\/en\/?page_id=321"},"modified":"2025-02-28T16:35:41","modified_gmt":"2025-02-28T15:35:41","slug":"contact","status":"publish","type":"page","link":"https:\/\/www.heenalu.fr\/en\/contact\/","title":{"rendered":"Contact"},"content":{"rendered":"<p>[vc_row][vc_column][vc_column_text]All throughout the year you can contact Olivier by phone 0033 +6 32 815 814 or by e-mail. Please leave a message and we will answer you as soon as possible.[\/vc_column_text][\/vc_column][\/vc_row][vc_row][vc_column width=&#8221;2\/3&#8243;]\n<div class=\"wpcf7 no-js\" id=\"wpcf7-f343-o1\" lang=\"fr-FR\" dir=\"ltr\" data-wpcf7-id=\"343\">\n<div class=\"screen-reader-response\"><p role=\"status\" aria-live=\"polite\" aria-atomic=\"true\"><\/p> <ul><\/ul><\/div>\n<form action=\"\/en\/wp-json\/wp\/v2\/pages\/321#wpcf7-f343-o1\" method=\"post\" class=\"wpcf7-form init\" aria-label=\"Formulaire de contact\" novalidate=\"novalidate\" data-status=\"init\">\n<div style=\"display: none;\">\n<input type=\"hidden\" name=\"_wpcf7\" value=\"343\" \/>\n<input type=\"hidden\" name=\"_wpcf7_version\" value=\"6.0.4\" \/>\n<input type=\"hidden\" name=\"_wpcf7_locale\" value=\"fr_FR\" \/>\n<input type=\"hidden\" name=\"_wpcf7_unit_tag\" value=\"wpcf7-f343-o1\" \/>\n<input type=\"hidden\" name=\"_wpcf7_container_post\" value=\"0\" \/>\n<input type=\"hidden\" name=\"_wpcf7_posted_data_hash\" value=\"\" \/>\n<\/div>\n<p>Your name (required)\n<\/p>\n<p><span class=\"wpcf7-form-control-wrap\" data-name=\"your-name\"><input size=\"40\" maxlength=\"400\" class=\"wpcf7-form-control wpcf7-text wpcf7-validates-as-required\" aria-required=\"true\" aria-invalid=\"false\" value=\"\" type=\"text\" name=\"your-name\" \/><\/span>\n<\/p>\n<p>Your mail (required)\n<\/p>\n<p><span class=\"wpcf7-form-control-wrap\" data-name=\"your-email\"><input size=\"40\" maxlength=\"400\" class=\"wpcf7-form-control wpcf7-email wpcf7-validates-as-required wpcf7-text wpcf7-validates-as-email\" aria-required=\"true\" aria-invalid=\"false\" value=\"\" type=\"email\" name=\"your-email\" \/><\/span>\n<\/p>\n<p>Subject\n<\/p>\n<p><span class=\"wpcf7-form-control-wrap\" data-name=\"your-subject\"><input size=\"40\" maxlength=\"400\" class=\"wpcf7-form-control wpcf7-text\" aria-invalid=\"false\" value=\"\" type=\"text\" name=\"your-subject\" \/><\/span>\n<\/p>\n<p>Your message\n<\/p>\n<p><span class=\"wpcf7-form-control-wrap\" data-name=\"your-message\"><textarea cols=\"40\" rows=\"10\" maxlength=\"2000\" class=\"wpcf7-form-control wpcf7-textarea\" aria-invalid=\"false\" name=\"your-message\"><\/textarea><\/span>\n<\/p>\n<p><span id=\"wpcf7-69f54f96d970c-wrapper\" class=\"wpcf7-form-control-wrap siteweb-wrap\" ><label for=\"wpcf7-69f54f96d970c-field\" class=\"hp-message\">Veuillez laisser ce champ vide.<\/label><input id=\"wpcf7-69f54f96d970c-field\"  class=\"wpcf7-form-control wpcf7-text\" type=\"text\" name=\"siteweb\" value=\"\" size=\"40\" tabindex=\"-1\" autocomplete=\"new-password\" \/><\/span>\n<\/p>\n<p><input class=\"wpcf7-form-control wpcf7-submit has-spinner\" type=\"submit\" value=\"Send\" \/>\n<\/p><p style=\"display: none !important;\" class=\"akismet-fields-container\" data-prefix=\"_wpcf7_ak_\"><label>&#916;<textarea name=\"_wpcf7_ak_hp_textarea\" cols=\"45\" rows=\"8\" maxlength=\"100\"><\/textarea><\/label><input type=\"hidden\" id=\"ak_js_1\" name=\"_wpcf7_ak_js\" value=\"249\"\/><script>document.getElementById( \"ak_js_1\" ).setAttribute( \"value\", ( new Date() ).getTime() );<\/script><\/p><input type='hidden' class='wpcf7-pum' value='{\"closepopup\":false,\"closedelay\":0,\"openpopup\":false,\"openpopup_id\":0}' \/><div class=\"wpcf7-response-output\" aria-hidden=\"true\"><\/div>\n<\/form>\n<\/div>\n[\/vc_column][vc_column width=&#8221;1\/3&#8243;][vc_column_text]<\/p>\n<h2>He&#8217;enalu<\/h2>\n<p><strong>Plage de Kermabec \u00e0 Tr\u00e9guennec<br \/>\nPlage de Kerbinigou \u00e0 Tr\u00e9ogat<br \/>\n<\/strong><\/p>\n<p><span style=\"text-decoration: underline;\">For all correspondence:<\/span><br \/>\n3 Rue du P\u00e9rigord<br \/>\n29000 Quimper<\/p>\n<h2><a href=\"tel:+330632815814\">+33 (0)6 32 815 814<\/a><\/h2>\n<p>[\/vc_column_text][vc_gmaps link=&#8221;#E-8_JTNDaWZyYW1lJTIwc3JjJTNEJTIyaHR0cHMlM0ElMkYlMkZ3d3cuZ29vZ2xlLmNvbSUyRm1hcHMlMkZlbWJlZCUzRnBiJTNEJTIxMW0xOCUyMTFtMTIlMjExbTMlMjExZDIwNTQwLjY3MjAwNjUxMzI1OCUyMTJkLTQuMzc3MTcyNjM2MDYyNzE0JTIxM2Q0Ny44ODI1NzQ4ODYyMTA0NTYlMjEybTMlMjExZjAlMjEyZjAlMjEzZjAlMjEzbTIlMjExaTEwMjQlMjEyaTc2OCUyMTRmMTMuMSUyMTNtMyUyMTFtMiUyMTFzMHgwJTI1M0EweDAlMjEyek5EZkNzRFV5SnpVM0xqTWlUaUEwd3JBeU1TY3pOQzQ0SWxjJTIxNWUxJTIxM20yJTIxMXNmciUyMTJzdXMlMjE0djE0NDc4ODEzNjA1MjIlMjIlMjB3aWR0aCUzRCUyMjYwMCUyMiUyMGhlaWdodCUzRCUyMjQ1MCUyMiUyMGZyYW1lYm9yZGVyJTNEJTIyMCUyMiUyMHN0eWxlJTNEJTIyYm9yZGVyJTNBMCUyMiUyMGFsbG93ZnVsbHNjcmVlbiUzRSUzQyUyRmlmcmFtZSUzRQ==&#8221;][\/vc_column][\/vc_row]<\/p>\n","protected":false},"excerpt":{"rendered":"<p>[vc_row][vc_column][vc_column_text]All throughout the year you can contact Olivier by phone 0033 +6 32 815 814 or by e-mail. Please leave a message and we will answer you as soon as possible.[\/vc_column_text][\/vc_column][\/vc_row][vc_row][vc_column width=&#8221;2\/3&#8243;][\/vc_column][vc_column width=&#8221;1\/3&#8243;][vc_column_text] He&#8217;enalu Plage de Kermabec \u00e0 Tr\u00e9guennec Plage de Kerbinigou \u00e0 Tr\u00e9ogat For all correspondence: 3 Rue du P\u00e9rigord 29000 Quimper +33 (0)6 [&hellip;]<\/p>\n","protected":false},"author":1,"featured_media":0,"parent":0,"menu_order":0,"comment_status":"closed","ping_status":"closed","template":"","meta":{"_acf_changed":false,"footnotes":""},"class_list":["post-321","page","type-page","status-publish","hentry"],"acf":[],"yoast_head":"<!-- This site is optimized with the Yoast SEO Premium plugin v20.8 (Yoast SEO v24.6) - https:\/\/yoast.com\/wordpress\/plugins\/seo\/ -->\n<title>Treguennec, exceptionnal surf spot in south brittany.<\/title>\n<meta name=\"description\" content=\"collective courses or lessons and individual surf coaching, personal surf lessons, private surf courses, surf, bobyboard, longboard, stand up paddle, surf tandem. The surfing spirit in the bay of audierne in the preserved and natural setting of tr\u00e9guennec, close from la torche, between pond and atlantic ocean\" \/>\n<meta name=\"robots\" content=\"index, follow, max-snippet:-1, max-image-preview:large, max-video-preview:-1\" \/>\n<link rel=\"canonical\" href=\"https:\/\/www.heenalu.fr\/en\/contact\/\" \/>\n<meta property=\"og:locale\" content=\"en_US\" \/>\n<meta property=\"og:type\" content=\"article\" \/>\n<meta property=\"og:title\" content=\"Contact\" \/>\n<meta property=\"og:description\" content=\"collective courses or lessons and individual surf coaching, personal surf lessons, private surf courses, surf, bobyboard, longboard, stand up paddle, surf tandem. The surfing spirit in the bay of audierne in the preserved and natural setting of tr\u00e9guennec, close from la torche, between pond and atlantic ocean\" \/>\n<meta property=\"og:url\" content=\"https:\/\/www.heenalu.fr\/en\/contact\/\" \/>\n<meta property=\"og:site_name\" content=\"He&#039;enalu\" \/>\n<meta property=\"article:publisher\" content=\"https:\/\/www.facebook.com\/ecoledesurf.heenalu\/\" \/>\n<meta property=\"article:modified_time\" content=\"2025-02-28T15:35:41+00:00\" \/>\n<meta name=\"twitter:card\" content=\"summary_large_image\" \/>\n<meta name=\"twitter:label1\" content=\"Est. reading time\" \/>\n\t<meta name=\"twitter:data1\" content=\"1 minute\" \/>\n<script type=\"application\/ld+json\" class=\"yoast-schema-graph\">{\"@context\":\"https:\/\/schema.org\",\"@graph\":[{\"@type\":\"WebPage\",\"@id\":\"https:\/\/www.heenalu.fr\/en\/contact\/\",\"url\":\"https:\/\/www.heenalu.fr\/en\/contact\/\",\"name\":\"Treguennec, exceptionnal surf spot in south brittany.\",\"isPartOf\":{\"@id\":\"https:\/\/www.heenalu.fr\/#website\"},\"datePublished\":\"2015-11-30T22:28:13+00:00\",\"dateModified\":\"2025-02-28T15:35:41+00:00\",\"description\":\"collective courses or lessons and individual surf coaching, personal surf lessons, private surf courses, surf, bobyboard, longboard, stand up paddle, surf tandem. The surfing spirit in the bay of audierne in the preserved and natural setting of tr\u00e9guennec, close from la torche, between pond and atlantic ocean\",\"breadcrumb\":{\"@id\":\"https:\/\/www.heenalu.fr\/en\/contact\/#breadcrumb\"},\"inLanguage\":\"en-US\",\"potentialAction\":[{\"@type\":\"ReadAction\",\"target\":[\"https:\/\/www.heenalu.fr\/en\/contact\/\"]}]},{\"@type\":\"BreadcrumbList\",\"@id\":\"https:\/\/www.heenalu.fr\/en\/contact\/#breadcrumb\",\"itemListElement\":[{\"@type\":\"ListItem\",\"position\":1,\"name\":\"Home\",\"item\":\"https:\/\/www.heenalu.fr\/en\/\"},{\"@type\":\"ListItem\",\"position\":2,\"name\":\"Contact\"}]},{\"@type\":\"WebSite\",\"@id\":\"https:\/\/www.heenalu.fr\/#website\",\"url\":\"https:\/\/www.heenalu.fr\/\",\"name\":\"He&#039;enalu\",\"description\":\"\",\"potentialAction\":[{\"@type\":\"SearchAction\",\"target\":{\"@type\":\"EntryPoint\",\"urlTemplate\":\"https:\/\/www.heenalu.fr\/?s={search_term_string}\"},\"query-input\":{\"@type\":\"PropertyValueSpecification\",\"valueRequired\":true,\"valueName\":\"search_term_string\"}}],\"inLanguage\":\"en-US\"}]}<\/script>\n<!-- \/ Yoast SEO Premium plugin. -->","yoast_head_json":{"title":"Treguennec, exceptionnal surf spot in south brittany.","description":"collective courses or lessons and individual surf coaching, personal surf lessons, private surf courses, surf, bobyboard, longboard, stand up paddle, surf tandem. The surfing spirit in the bay of audierne in the preserved and natural setting of tr\u00e9guennec, close from la torche, between pond and atlantic ocean","robots":{"index":"index","follow":"follow","max-snippet":"max-snippet:-1","max-image-preview":"max-image-preview:large","max-video-preview":"max-video-preview:-1"},"canonical":"https:\/\/www.heenalu.fr\/en\/contact\/","og_locale":"en_US","og_type":"article","og_title":"Contact","og_description":"collective courses or lessons and individual surf coaching, personal surf lessons, private surf courses, surf, bobyboard, longboard, stand up paddle, surf tandem. The surfing spirit in the bay of audierne in the preserved and natural setting of tr\u00e9guennec, close from la torche, between pond and atlantic ocean","og_url":"https:\/\/www.heenalu.fr\/en\/contact\/","og_site_name":"He&#039;enalu","article_publisher":"https:\/\/www.facebook.com\/ecoledesurf.heenalu\/","article_modified_time":"2025-02-28T15:35:41+00:00","twitter_card":"summary_large_image","twitter_misc":{"Est. reading time":"1 minute"},"schema":{"@context":"https:\/\/schema.org","@graph":[{"@type":"WebPage","@id":"https:\/\/www.heenalu.fr\/en\/contact\/","url":"https:\/\/www.heenalu.fr\/en\/contact\/","name":"Treguennec, exceptionnal surf spot in south brittany.","isPartOf":{"@id":"https:\/\/www.heenalu.fr\/#website"},"datePublished":"2015-11-30T22:28:13+00:00","dateModified":"2025-02-28T15:35:41+00:00","description":"collective courses or lessons and individual surf coaching, personal surf lessons, private surf courses, surf, bobyboard, longboard, stand up paddle, surf tandem. The surfing spirit in the bay of audierne in the preserved and natural setting of tr\u00e9guennec, close from la torche, between pond and atlantic ocean","breadcrumb":{"@id":"https:\/\/www.heenalu.fr\/en\/contact\/#breadcrumb"},"inLanguage":"en-US","potentialAction":[{"@type":"ReadAction","target":["https:\/\/www.heenalu.fr\/en\/contact\/"]}]},{"@type":"BreadcrumbList","@id":"https:\/\/www.heenalu.fr\/en\/contact\/#breadcrumb","itemListElement":[{"@type":"ListItem","position":1,"name":"Home","item":"https:\/\/www.heenalu.fr\/en\/"},{"@type":"ListItem","position":2,"name":"Contact"}]},{"@type":"WebSite","@id":"https:\/\/www.heenalu.fr\/#website","url":"https:\/\/www.heenalu.fr\/","name":"He&#039;enalu","description":"","potentialAction":[{"@type":"SearchAction","target":{"@type":"EntryPoint","urlTemplate":"https:\/\/www.heenalu.fr\/?s={search_term_string}"},"query-input":{"@type":"PropertyValueSpecification","valueRequired":true,"valueName":"search_term_string"}}],"inLanguage":"en-US"}]}},"_links":{"self":[{"href":"https:\/\/www.heenalu.fr\/en\/wp-json\/wp\/v2\/pages\/321","targetHints":{"allow":["GET"]}}],"collection":[{"href":"https:\/\/www.heenalu.fr\/en\/wp-json\/wp\/v2\/pages"}],"about":[{"href":"https:\/\/www.heenalu.fr\/en\/wp-json\/wp\/v2\/types\/page"}],"author":[{"embeddable":true,"href":"https:\/\/www.heenalu.fr\/en\/wp-json\/wp\/v2\/users\/1"}],"replies":[{"embeddable":true,"href":"https:\/\/www.heenalu.fr\/en\/wp-json\/wp\/v2\/comments?post=321"}],"version-history":[{"count":2,"href":"https:\/\/www.heenalu.fr\/en\/wp-json\/wp\/v2\/pages\/321\/revisions"}],"predecessor-version":[{"id":1536,"href":"https:\/\/www.heenalu.fr\/en\/wp-json\/wp\/v2\/pages\/321\/revisions\/1536"}],"wp:attachment":[{"href":"https:\/\/www.heenalu.fr\/en\/wp-json\/wp\/v2\/media?parent=321"}],"curies":[{"name":"wp","href":"https:\/\/api.w.org\/{rel}","templated":true}]}}